{"id":5832,"date":"2025-08-20T09:11:01","date_gmt":"2025-08-20T07:11:01","guid":{"rendered":"https:\/\/www.fortedibard.it\/ufficio-stampa\/"},"modified":"2025-10-30T09:32:30","modified_gmt":"2025-10-30T08:32:30","slug":"presse","status":"publish","type":"page","link":"https:\/\/www.fortedibard.it\/fr\/presse\/","title":{"rendered":"Bureau de presse"},"content":{"rendered":"<div>\n<nav  aria-label=\"breadcrumb\"><ol class=\"breadcrumb\" itemscope itemtype=\"https:\/\/schema.org\/BreadcrumbList\"><li class=\"breadcrumb-item active\" aria-current=\"page\" itemprop=\"itemListElement\" itemscope itemtype=\"https:\/\/schema.org\/ListItem\"><span itemprop=\"name\">Home<\/span><meta itemprop=\"position\" content=\"1\"><\/li><\/ol><\/nav>\n<\/div>\n<h1>Bureau de <strong>PRESSE<\/strong><\/h1>\n<div>\n<p><strong>Bureau de presse de l&rsquo;Association Forte di Bard<\/strong><br \/>T. + 39 0125 833824<br \/><strong><a href=\"mailto:ufficiostampa@fortedibard.it\">ufficiostampa@fortedibard.it<\/a><\/strong><\/p>\n<p><strong>Bureau de presse Italie\u00a0: <span>\u00a0<\/span><\/strong><strong>Trefoloni e Associati<\/strong><br \/>T. + 39 0575 735384<br \/><strong><a href=\"mailto:ufficiostampa@trefolonieassociati.com\">ufficiostampa@trefolonieassociati.com<\/a><\/strong><br \/><strong><a href=\"https:\/\/www.trefolonieassociati.com\/\">trefolonieassociati.com<\/a><\/strong><br \/><strong><br \/><\/strong><\/p>\n<p><strong>. Accr\u00e9ditation presse<\/strong><br \/>L&rsquo;acc\u00e8s gratuit aux espaces d&rsquo;exposition est r\u00e9serv\u00e9 aux journalistes munis d&rsquo;une carte de presse, uniquement pour des raisons professionnelles et non personnelles. L&rsquo;accr\u00e9ditation doit \u00eatre demand\u00e9e au moins un jour \u00e0 l&rsquo;avance par courriel \u00e0 ufficiostampa@fortedibard.it. L&rsquo;accr\u00e9ditation n&rsquo;est pas disponible les week-ends et jours f\u00e9ri\u00e9s.<\/p>\n<p><strong>. Tournage par drone<\/strong><br \/>Conform\u00e9ment aux articles 106 \u00e0 108 du d\u00e9cret l\u00e9gislatif 42 du 22 janvier 2004 (Code du patrimoine culturel et du paysage), la demande d&rsquo;autorisation doit \u00eatre d\u00e9pos\u00e9e 15 jours avant le tournage en demandant le formulaire appropri\u00e9 accompagn\u00e9 des documents requis.<\/p>\n<p><b><\/b><br \/>Abbonement<span>\u00a0<\/span><a href=\"https:\/\/www.fortedibard.it\/fr\/abonnement-a-la-newsletter\/\"><strong>newsletter<\/strong><\/a><\/p>\n<\/div>\n<p><!--more--><br \/>\n<!-- {\"type\":\"layout\",\"children\":[{\"name\":\"Sezione principale\",\"type\":\"section\",\"props\":{\"image_position\":\"center-center\",\"padding_remove_bottom\":false,\"style\":\"default\",\"title_breakpoint\":\"xl\",\"title_position\":\"top-left\",\"title_rotation\":\"left\",\"vertical_align\":\"\",\"width\":\"expand\"},\"children\":[{\"type\":\"row\",\"children\":[{\"type\":\"column\",\"props\":{\"image_position\":\"center-center\",\"position_sticky_breakpoint\":\"m\",\"width_medium\":\"1-1\"},\"children\":[{\"type\":\"text\",\"props\":{\"column_breakpoint\":\"m\",\"content\":\"\n\n<p>[seopress_breadcrumbs]<\\\/p>\",\"css\":\".breadcrumb li span {\\nfont-weight: 300;\\n}\",\"margin\":\"default\",\"text_style\":\"small\"},\"name\":\"BREADCRUMBS - SeoPress\"},{\"type\":\"headline\",\"props\":{\"animation\":\"none\",\"content\":\"Bureau de <strong>PRESSE<\\\/strong>\",\"margin\":\"small\",\"margin_remove_top\":false,\"parallax_breakpoint\":\"m\",\"parallax_easing\":\"1\",\"parallax_end\":\"60vh + 60%\",\"parallax_opacity\":\"0.3,1\",\"parallax_y\":\"30,0\",\"title_element\":\"h1\",\"title_style\":\"h1\"}},{\"type\":\"text\",\"props\":{\"animation\":\"none\",\"column_breakpoint\":\"m\",\"column_divider\":false,\"content\":\"\n\n<p><strong>Bureau de presse de l'Association Forte di Bard<\\\/strong><br \\\/>T. + 39 0125 833824<br \\\/><strong><a href=\\\"mailto:ufficiostampa@fortedibard.it\\\">ufficiostampa@fortedibard.it<\\\/a><\\\/strong><\\\/p>\\n\n\n<p><strong>Bureau de presse Italie\\u00a0: <span>\\u00a0<\\\/span><\\\/strong><strong>Trefoloni e Associati<\\\/strong><br \\\/>T. + 39 0575 735384<br \\\/><strong><a href=\\\"mailto:ufficiostampa@trefolonieassociati.com\\\">ufficiostampa@trefolonieassociati.com<\\\/a><\\\/strong><br \\\/><strong><a href=\\\"https:\\\/\\\/www.trefolonieassociati.com\\\/\\\">trefolonieassociati.com<\\\/a><\\\/strong><br \\\/><strong><br \\\/><\\\/strong><\\\/p>\\n\n\n<p><strong>. Accr\\u00e9ditation presse<\\\/strong><br \\\/>L'acc\\u00e8s gratuit aux espaces d'exposition est r\\u00e9serv\\u00e9 aux journalistes munis d'une carte de presse, uniquement pour des raisons professionnelles et non personnelles. L'accr\\u00e9ditation doit \\u00eatre demand\\u00e9e au moins un jour \\u00e0 l'avance par courriel \\u00e0 ufficiostampa@fortedibard.it. L'accr\\u00e9ditation n'est pas disponible les week-ends et jours f\\u00e9ri\\u00e9s.<\\\/p>\\n\n\n<p><strong>. Tournage par drone<\\\/strong><br \\\/>Conform\\u00e9ment aux articles 106 \\u00e0 108 du d\\u00e9cret l\\u00e9gislatif 42 du 22 janvier 2004 (Code du patrimoine culturel et du paysage), la demande d'autorisation doit \\u00eatre d\\u00e9pos\\u00e9e 15 jours avant le tournage en demandant le formulaire appropri\\u00e9 accompagn\\u00e9 des documents requis.<\\\/p>\\n\n\n<p><b><\\\/b><br \\\/>Abbonement<span>\\u00a0<\\\/span><a href=\\\"\\\/fr\\\/abonnement-a-la-newsletter\\\/\\\"><strong>newsletter<\\\/strong><\\\/a><\\\/p>\",\"margin\":\"default\"}}]}]}]}],\"version\":\"4.5.28\",\"yooessentialsVersion\":\"2.4.7\"} --><\/p>\n","protected":false},"excerpt":{"rendered":"<p>Bureau de PRESSE Bureau de presse de l&rsquo;Association Forte di BardT. + 39 0125 833824ufficiostampa@fortedibard.it Bureau de presse Italie\u00a0: \u00a0Trefoloni e AssociatiT. + 39 0575 735384ufficiostampa@trefolonieassociati.comtrefolonieassociati.com . Accr\u00e9ditation presseL&rsquo;acc\u00e8s gratuit [&hellip;]<\/p>\n","protected":false},"author":1,"featured_media":0,"parent":0,"menu_order":0,"comment_status":"closed","ping_status":"closed","template":"","meta":{"_acf_changed":false,"_seopress_robots_primary_cat":"","_seopress_titles_title":"Presse | Forte di Bard \u2013 Communiqu\u00e9s et dossiers m\u00e9dias","_seopress_titles_desc":"Espace presse du Forte di Bard : communiqu\u00e9s, dossiers de presse, images haute r\u00e9solution et contacts pour demandes d'accr\u00e9ditation et interviews.","_seopress_robots_index":"","footnotes":""},"class_list":["post-5832","page","type-page","status-publish","hentry"],"acf":[],"publishpress_future_workflow_manual_trigger":{"enabledWorkflows":[]},"_links":{"self":[{"href":"https:\/\/www.fortedibard.it\/fr\/wp-json\/wp\/v2\/pages\/5832","targetHints":{"allow":["GET"]}}],"collection":[{"href":"https:\/\/www.fortedibard.it\/fr\/wp-json\/wp\/v2\/pages"}],"about":[{"href":"https:\/\/www.fortedibard.it\/fr\/wp-json\/wp\/v2\/types\/page"}],"author":[{"embeddable":true,"href":"https:\/\/www.fortedibard.it\/fr\/wp-json\/wp\/v2\/users\/1"}],"replies":[{"embeddable":true,"href":"https:\/\/www.fortedibard.it\/fr\/wp-json\/wp\/v2\/comments?post=5832"}],"version-history":[{"count":3,"href":"https:\/\/www.fortedibard.it\/fr\/wp-json\/wp\/v2\/pages\/5832\/revisions"}],"predecessor-version":[{"id":6376,"href":"https:\/\/www.fortedibard.it\/fr\/wp-json\/wp\/v2\/pages\/5832\/revisions\/6376"}],"wp:attachment":[{"href":"https:\/\/www.fortedibard.it\/fr\/wp-json\/wp\/v2\/media?parent=5832"}],"curies":[{"name":"wp","href":"https:\/\/api.w.org\/{rel}","templated":true}]}}