{"id":5577,"date":"2025-08-20T15:48:09","date_gmt":"2025-08-20T13:48:09","guid":{"rendered":"https:\/\/www.fortedibard.it\/news-e-avvisi\/"},"modified":"2025-11-07T14:55:14","modified_gmt":"2025-11-07T13:55:14","slug":"nouvelles-et-avis","status":"publish","type":"page","link":"https:\/\/www.fortedibard.it\/fr\/nouvelles-et-avis\/","title":{"rendered":"Nouvelles et avis"},"content":{"rendered":"<div>\n<nav  aria-label=\"breadcrumb\"><ol class=\"breadcrumb\" itemscope itemtype=\"https:\/\/schema.org\/BreadcrumbList\"><li class=\"breadcrumb-item active\" aria-current=\"page\" itemprop=\"itemListElement\" itemscope itemtype=\"https:\/\/schema.org\/ListItem\"><span itemprop=\"name\">Home<\/span><meta itemprop=\"position\" content=\"1\"><\/li><\/ol><\/nav>\n<\/div>\n<h1><strong>NOUVELLES ET AVIS<\/strong><br \/>du Fort de Bard<\/h1>\n<div>\n<\/div>\n<p><!--more--><br \/>\n<!-- {\"type\":\"layout\",\"children\":[{\"type\":\"section\",\"props\":{\"image_position\":\"center-center\",\"style\":\"default\",\"title_breakpoint\":\"xl\",\"title_position\":\"top-left\",\"title_rotation\":\"left\",\"vertical_align\":\"middle\",\"width\":\"expand\"},\"children\":[{\"type\":\"row\",\"children\":[{\"type\":\"column\",\"props\":{\"image_position\":\"center-center\",\"position_sticky_breakpoint\":\"m\"},\"children\":[{\"type\":\"text\",\"props\":{\"column_breakpoint\":\"m\",\"content\":\"\n\n<p>[seopress_breadcrumbs]<\\\/p>\",\"css\":\".breadcrumb li span {\\nfont-weight: 300;\\n}\",\"margin\":\"default\",\"text_style\":\"small\"},\"name\":\"BREADCRUMBS - SeoPress\"},{\"type\":\"headline\",\"props\":{\"content\":\"<strong>NOUVELLES ET AVIS<\\\/strong><br \\\/>du Fort de Bard\",\"title_element\":\"h1\"}},{\"type\":\"grid\",\"props\":{\"content_column_breakpoint\":\"m\",\"filter_align\":\"left\",\"filter_all\":true,\"filter_grid_breakpoint\":\"m\",\"filter_grid_width\":\"auto\",\"filter_position\":\"top\",\"filter_style\":\"tab\",\"grid_default\":\"1\",\"grid_medium\":\"4\",\"icon_width\":80,\"image_align\":\"top\",\"image_grid_breakpoint\":\"m\",\"image_grid_width\":\"1-2\",\"image_svg_color\":\"emphasis\",\"item_animation\":true,\"lightbox_bg_close\":true,\"link_style\":\"primary\",\"link_text\":\"Leggi tutto\",\"margin\":\"default\",\"meta_align\":\"below-title\",\"meta_element\":\"div\",\"meta_style\":\"text-meta\",\"panel_expand\":\"content\",\"panel_image_no_padding\":true,\"panel_padding\":\"small\",\"panel_style\":\"card-default\",\"show_content\":true,\"show_hover_image\":true,\"show_hover_video\":true,\"show_image\":true,\"show_link\":true,\"show_meta\":true,\"show_title\":true,\"show_video\":true,\"title_align\":\"top\",\"title_element\":\"h5\",\"title_grid_breakpoint\":\"m\",\"title_grid_width\":\"1-2\",\"title_hover_style\":\"reset\",\"title_style\":\"h5\"},\"children\":[{\"type\":\"grid_item\",\"source\":{\"query\":{\"name\":\"posts.customPosts\",\"arguments\":{\"terms\":[33,34],\"category_operator\":\"IN\",\"post_tag_operator\":\"IN\",\"users\":[],\"users_operator\":\"IN\",\"offset\":0,\"limit\":1000,\"order\":\"date\",\"order_direction\":\"DESC\"}}},\"source_extended\":{\"props\":{\"title\":{\"query\":{\"name\":\"#node\"},\"name\":\"title\"},\"content\":{\"query\":{\"name\":\"#node\"},\"arguments\":{\"show_excerpt\":true,\"show_content\":true},\"name\":\"teaser\",\"filters\":{\"limit\":150}},\"link\":{\"query\":{\"name\":\"#node\"},\"name\":\"link\"},\"image\":{\"query\":{\"name\":\"#node\"},\"name\":\"featuredImage.url\"},\"meta\":{\"composed\":{\"value\":\"{{ sources.75f9 }} <br \/> {{ sources.ec30 }}\",\"sources\":{\"75f9\":{\"query\":{\"name\":\"#node\"},\"arguments\":{\"separator\":\", \",\"show_link\":true,\"link_style\":\"\"},\"name\":\"categoryString\"},\"ec30\":{\"query\":{\"name\":\"#node\"},\"filters\":{\"date\":\"d\\\/m\\\/Y\"},\"name\":\"date\"}},\"conditions\":{}}}}}}],\"name\":\"Griglia Bandi TITOLO + META + CONTENUTO\"}]}]}]}],\"version\":\"4.5.28\",\"yooessentialsVersion\":\"2.4.10\"} --><\/p>\n","protected":false},"excerpt":{"rendered":"<p>NOUVELLES ET AVISdu Fort de Bard<\/p>\n","protected":false},"author":1,"featured_media":0,"parent":0,"menu_order":0,"comment_status":"closed","ping_status":"closed","template":"","meta":{"_acf_changed":false,"_seopress_robots_primary_cat":"","_seopress_titles_title":"Nouvelles et avis | Forte di Bard \u2013 Actualit\u00e9s et communications","_seopress_titles_desc":"Restez inform\u00e9 avec les nouvelles et avis du Forte di Bard : annonces d'\u00e9v\u00e9nements, modifications d'horaires et communications officielles.","_seopress_robots_index":"","footnotes":""},"class_list":["post-5577","page","type-page","status-publish","hentry"],"acf":[],"publishpress_future_workflow_manual_trigger":{"enabledWorkflows":[]},"_links":{"self":[{"href":"https:\/\/www.fortedibard.it\/fr\/wp-json\/wp\/v2\/pages\/5577","targetHints":{"allow":["GET"]}}],"collection":[{"href":"https:\/\/www.fortedibard.it\/fr\/wp-json\/wp\/v2\/pages"}],"about":[{"href":"https:\/\/www.fortedibard.it\/fr\/wp-json\/wp\/v2\/types\/page"}],"author":[{"embeddable":true,"href":"https:\/\/www.fortedibard.it\/fr\/wp-json\/wp\/v2\/users\/1"}],"replies":[{"embeddable":true,"href":"https:\/\/www.fortedibard.it\/fr\/wp-json\/wp\/v2\/comments?post=5577"}],"version-history":[{"count":4,"href":"https:\/\/www.fortedibard.it\/fr\/wp-json\/wp\/v2\/pages\/5577\/revisions"}],"predecessor-version":[{"id":6726,"href":"https:\/\/www.fortedibard.it\/fr\/wp-json\/wp\/v2\/pages\/5577\/revisions\/6726"}],"wp:attachment":[{"href":"https:\/\/www.fortedibard.it\/fr\/wp-json\/wp\/v2\/media?parent=5577"}],"curies":[{"name":"wp","href":"https:\/\/api.w.org\/{rel}","templated":true}]}}