{"id":5567,"date":"2025-08-21T11:12:08","date_gmt":"2025-08-21T09:12:08","guid":{"rendered":"https:\/\/www.fortedibard.it\/servizi\/"},"modified":"2026-03-27T09:15:52","modified_gmt":"2026-03-27T08:15:52","slug":"services","status":"publish","type":"page","link":"https:\/\/www.fortedibard.it\/fr\/services\/","title":{"rendered":"Services"},"content":{"rendered":"<div>\n<nav  aria-label=\"breadcrumb\"><ol class=\"breadcrumb\" itemscope itemtype=\"https:\/\/schema.org\/BreadcrumbList\"><li class=\"breadcrumb-item active\" aria-current=\"page\" itemprop=\"itemListElement\" itemscope itemtype=\"https:\/\/schema.org\/ListItem\"><span itemprop=\"name\">Home<\/span><meta itemprop=\"position\" content=\"1\"><\/li><\/ol><\/nav>\n<\/div>\n<h1><strong>SERVICES<\/strong><\/h1>\n<p><img decoding=\"async\" src=\"\/wp-content\/uploads\/2025\/11\/800x534_infolounge.jpg\" alt=\"\"><\/p>\n<h2>InfoLounge<\/h2>\n<div>\n<p>Le premier \u00e9tage de l\u2019\u00e9difice d\u2019Accueil, au d\u00e9part des ascenseurs panoramiques qui montent au Fort, offre l\u2019InfoLounge du Fort de Bard, un nouvel espace soign\u00e9 par l\u2019Association Fort de Bard pour la promotion touristique, culturelle, du milieu et des produits typiques de la Vall\u00e9e d\u2019Aoste.<\/p>\n<p>Le service promotionnel et informatif se trouve au point crucial du passage des visiteurs qui montent \u00e0 la forteresse. Dans ses locaux le public peut trouver, dans un espace accueillant et confortable, le mat\u00e9riel concernant l\u2019offre touristique de tous les pays de la R\u00e9gion, en termes d\u2019hospitalit\u00e9, offre pour le temps libre et \u00e9v\u00e8nements.<\/p>\n<p>L\u2019InfoLounge a \u00e9t\u00e9 con\u00e7u avec des solutions innovatives et inspir\u00e9es au niveau maximum de confort pour les usagers: aux traditionnels expositeurs pour les brochures on approche des suggestifs panneaux lumineux, confortables postations pour la consultation, vid\u00e9os avec de documentaires d\u00e9di\u00e9s aux beaut\u00e9s de la nature et du paysage de la Vall\u00e9e, une postation web, couverture wifi, un distributeur d\u2019eau \u00e0 boire, et diffusion de musique d\u2019ambiance<\/p>\n<\/div>\n<hr>\n<p><img decoding=\"async\" src=\"\/wp-content\/uploads\/2025\/09\/espaceValleeDaoste.jpg\" alt=\"\"><\/p>\n<h2>Espace Vall\u00e9e Culture<\/h2>\n<div>\n<p>A l\u2019int\u00e9rieur du Fort , dans l\u2019Ouvrage Carlo Alberto , on trouve un centre de pr\u00e9sentation et de valorisation du territoire vald\u00f4tain appel\u00e9 Espace Vall\u00e9e Culture.<\/p>\n<p>Gr\u00e2ce \u00e0 des places multim\u00e9dias disponibles en quatre langues, le visiteur a la possibilit\u00e9 de conna\u00eetre les opportunit\u00e9s touristiques qu\u2019offre le territoire de la Vall\u00e9e d\u2019Aoste: ch\u00e2teaux et sites arch\u00e9ologiques, itin\u00e9raires \u00e9no-gastronomiques, parcs et r\u00e9serves naturelles, principales manifestations traditionnelles ou culturelles. Le visiteur peut aussi rassembler des informations et des suggestions concernant les particularit\u00e9s historiques et linguistiques, les traditions de la Vall\u00e9e d\u2019Aoste.<\/p>\n<p>Ce Centre est am\u00e9nag\u00e9 par la Surintendance pour les activit\u00e9s et les biens culturels de la R\u00e9gion Vall\u00e9e d\u2019Aoste.<\/p>\n<\/div>\n<p><!--more--><br \/>\n<!-- {\"type\":\"layout\",\"children\":[{\"name\":\"Sezione principale\",\"type\":\"section\",\"props\":{\"image_position\":\"center-center\",\"style\":\"default\",\"title_breakpoint\":\"xl\",\"title_position\":\"top-left\",\"title_rotation\":\"left\",\"vertical_align\":\"\",\"width\":\"expand\"},\"children\":[{\"type\":\"row\",\"children\":[{\"type\":\"column\",\"props\":{\"image_position\":\"center-center\",\"position_sticky_breakpoint\":\"m\",\"width_medium\":\"1-1\"},\"children\":[{\"type\":\"text\",\"props\":{\"column_breakpoint\":\"m\",\"content\":\"\n\n[seopress_breadcrumbs]\n\n\",\"css\":\".breadcrumb li span {\\nfont-weight: 300;\\n}\",\"margin_bottom\":\"default\",\"margin_top\":\"default\",\"text_style\":\"small\"},\"name\":\"BREADCRUMBS - SeoPress\"},{\"type\":\"headline\",\"props\":{\"animation\":\"none\",\"content\":\"<strong>SERVICES<\/strong>\",\"image_align\":\"left\",\"image_margin\":\"xsmall\",\"margin_bottom\":\"small\",\"margin_top\":\"small\",\"parallax_breakpoint\":\"m\",\"parallax_easing\":\"1\",\"parallax_end\":\"60vh + 60%\",\"parallax_opacity\":\"0.3,1\",\"parallax_y\":\"30,0\",\"title_element\":\"h1\",\"title_style\":\"h1\"}}]}]},{\"type\":\"row\",\"children\":[{\"type\":\"column\",\"props\":{\"image_position\":\"center-center\",\"position_sticky\":\"column\",\"position_sticky_breakpoint\":\"m\",\"position_sticky_offset\":\"20\",\"width_medium\":\"1-2\"},\"children\":[{\"type\":\"image\",\"props\":{\"image\":\"wp-content\/uploads\/2025\/11\/800x534_infolounge.jpg\",\"image_svg_color\":\"emphasis\",\"margin_bottom\":\"default\",\"margin_top\":\"default\"}}]},{\"type\":\"column\",\"props\":{\"image_position\":\"center-center\",\"position_sticky_breakpoint\":\"m\",\"width_medium\":\"1-2\"},\"children\":[{\"type\":\"headline\",\"props\":{\"content\":\"InfoLounge\",\"image_align\":\"left\",\"image_margin\":\"xsmall\",\"title_element\":\"h2\",\"title_style\":\"h2\"},\"name\":\"InfoLounge\"},{\"type\":\"text\",\"props\":{\"animation\":\"none\",\"column_breakpoint\":\"m\",\"column_divider\":false,\"content\":\"\n\n<p>Le premier \u00e9tage de l\u2019\u00e9difice d\u2019Accueil, au d\u00e9part des ascenseurs panoramiques qui montent au Fort, offre l\u2019InfoLounge du Fort de Bard, un nouvel espace soign\u00e9 par l\u2019Association Fort de Bard pour la promotion touristique, culturelle, du milieu et des produits typiques de la Vall\u00e9e d\u2019Aoste.<\/p>\n\n\\n\n\n<p>Le service promotionnel et informatif se trouve au point crucial du passage des visiteurs qui montent \u00e0 la forteresse. Dans ses locaux le public peut trouver, dans un espace accueillant et confortable, le mat\u00e9riel concernant l\u2019offre touristique de tous les pays de la R\u00e9gion, en termes d\u2019hospitalit\u00e9, offre pour le temps libre et \u00e9v\u00e8nements.<\/p>\n\n\\n\n\n<p>L\u2019InfoLounge a \u00e9t\u00e9 con\u00e7u avec des solutions innovatives et inspir\u00e9es au niveau maximum de confort pour les usagers: aux traditionnels expositeurs pour les brochures on approche des suggestifs panneaux lumineux, confortables postations pour la consultation, vid\u00e9os avec de documentaires d\u00e9di\u00e9s aux beaut\u00e9s de la nature et du paysage de la Vall\u00e9e, une postation web, couverture wifi, un distributeur d\u2019eau \u00e0 boire, et diffusion de musique d\u2019ambiance<\/p>\n\n\",\"margin_bottom\":\"default\",\"margin_top\":\"default\"}}]}],\"props\":{\"id\":\"infoLounge\",\"layout\":\"1-2,1-2\"}},{\"type\":\"row\",\"children\":[{\"type\":\"column\",\"props\":{\"image_position\":\"center-center\",\"position_sticky_breakpoint\":\"m\"},\"children\":[{\"type\":\"divider\",\"props\":{\"divider_element\":\"hr\"}}]}]},{\"type\":\"row\",\"children\":[{\"type\":\"column\",\"props\":{\"image_position\":\"center-center\",\"position_sticky\":\"column\",\"position_sticky_breakpoint\":\"m\",\"position_sticky_offset\":\"20\",\"width_medium\":\"1-2\"},\"children\":[{\"type\":\"image\",\"props\":{\"image\":\"wp-content\/uploads\/2025\/09\/espaceValleeDaoste.jpg\",\"image_svg_color\":\"emphasis\",\"margin_bottom\":\"default\",\"margin_top\":\"default\"}}]},{\"type\":\"column\",\"props\":{\"image_position\":\"center-center\",\"position_sticky_breakpoint\":\"m\",\"width_medium\":\"1-2\"},\"children\":[{\"type\":\"headline\",\"props\":{\"content\":\"Espace Vall\u00e9e Culture\",\"image_align\":\"left\",\"image_margin\":\"xsmall\",\"title_element\":\"h2\",\"title_style\":\"h2\"},\"name\":\"Espace Vall\u00e9e Culture\"},{\"type\":\"text\",\"props\":{\"animation\":\"none\",\"column_breakpoint\":\"m\",\"column_divider\":false,\"content\":\"\n\n<p>A l\u2019int\u00e9rieur du Fort , dans l\u2019Ouvrage Carlo Alberto , on trouve un centre de pr\u00e9sentation et de valorisation du territoire vald\u00f4tain appel\u00e9 Espace Vall\u00e9e Culture.<\/p>\n\n\\n\n\n<p>Gr\u00e2ce \u00e0 des places multim\u00e9dias disponibles en quatre langues, le visiteur a la possibilit\u00e9 de conna\u00eetre les opportunit\u00e9s touristiques qu\u2019offre le territoire de la Vall\u00e9e d\u2019Aoste: ch\u00e2teaux et sites arch\u00e9ologiques, itin\u00e9raires \u00e9no-gastronomiques, parcs et r\u00e9serves naturelles, principales manifestations traditionnelles ou culturelles. Le visiteur peut aussi rassembler des informations et des suggestions concernant les particularit\u00e9s historiques et linguistiques, les traditions de la Vall\u00e9e d\u2019Aoste.<\/p>\n\n\\n\n\n<p>Ce Centre est am\u00e9nag\u00e9 par la Surintendance pour les activit\u00e9s et les biens culturels de la R\u00e9gion Vall\u00e9e d\u2019Aoste.<\/p>\n\n\",\"margin_bottom\":\"default\",\"margin_top\":\"default\"}}]}],\"props\":{\"id\":\"espaceValleeCulture\",\"layout\":\"1-2,1-2\"}}]}],\"version\":\"5.0.24\",\"yooessentialsVersion\":\"3.0.2\"} --><\/p>\n","protected":false},"excerpt":{"rendered":"<p>SERVICES InfoLounge Le premier \u00e9tage de l\u2019\u00e9difice d\u2019Accueil, au d\u00e9part des ascenseurs panoramiques qui montent au Fort, offre l\u2019InfoLounge du Fort de Bard, un nouvel espace soign\u00e9 par l\u2019Association Fort [&hellip;]<\/p>\n","protected":false},"author":1,"featured_media":0,"parent":0,"menu_order":0,"comment_status":"closed","ping_status":"closed","template":"","meta":{"_acf_changed":false,"_seopress_robots_primary_cat":"","_seopress_titles_title":"Services | Forte di Bard \u2013 Billetterie, visites et accueil","_seopress_titles_desc":"Tous les services du Forte di Bard : billetterie, visites guid\u00e9es, restauration, accessibilit\u00e9 et services pour groupes et \u00e9coles. Contacts et infos pratiques.","_seopress_robots_index":"","footnotes":""},"class_list":["post-5567","page","type-page","status-publish","hentry"],"acf":[],"publishpress_future_workflow_manual_trigger":{"enabledWorkflows":[]},"_links":{"self":[{"href":"https:\/\/www.fortedibard.it\/fr\/wp-json\/wp\/v2\/pages\/5567","targetHints":{"allow":["GET"]}}],"collection":[{"href":"https:\/\/www.fortedibard.it\/fr\/wp-json\/wp\/v2\/pages"}],"about":[{"href":"https:\/\/www.fortedibard.it\/fr\/wp-json\/wp\/v2\/types\/page"}],"author":[{"embeddable":true,"href":"https:\/\/www.fortedibard.it\/fr\/wp-json\/wp\/v2\/users\/1"}],"replies":[{"embeddable":true,"href":"https:\/\/www.fortedibard.it\/fr\/wp-json\/wp\/v2\/comments?post=5567"}],"version-history":[{"count":6,"href":"https:\/\/www.fortedibard.it\/fr\/wp-json\/wp\/v2\/pages\/5567\/revisions"}],"predecessor-version":[{"id":7660,"href":"https:\/\/www.fortedibard.it\/fr\/wp-json\/wp\/v2\/pages\/5567\/revisions\/7660"}],"wp:attachment":[{"href":"https:\/\/www.fortedibard.it\/fr\/wp-json\/wp\/v2\/media?parent=5567"}],"curies":[{"name":"wp","href":"https:\/\/api.w.org\/{rel}","templated":true}]}}