{"id":5560,"date":"2025-08-21T11:12:16","date_gmt":"2025-08-21T09:12:16","guid":{"rendered":"https:\/\/www.fortedibard.it\/shop\/"},"modified":"2025-10-30T09:37:27","modified_gmt":"2025-10-30T08:37:27","slug":"shop","status":"publish","type":"page","link":"https:\/\/www.fortedibard.it\/fr\/shop\/","title":{"rendered":"Shop"},"content":{"rendered":"<div>\n<nav  aria-label=\"breadcrumb\"><ol class=\"breadcrumb\" itemscope itemtype=\"https:\/\/schema.org\/BreadcrumbList\"><li class=\"breadcrumb-item active\" aria-current=\"page\" itemprop=\"itemListElement\" itemscope itemtype=\"https:\/\/schema.org\/ListItem\"><span itemprop=\"name\">Home<\/span><meta itemprop=\"position\" content=\"1\"><\/li><\/ol><\/nav>\n<\/div>\n<h1><strong>SHOP<\/strong><\/h1>\n<h2>Librairie du Fort<\/h2>\n<p><img decoding=\"async\" src=\"\/wp-content\/uploads\/2025\/08\/bookshop.jpg\" alt=\"\"><\/p>\n<div>\n<p>Pr\u00e8s du Guichet se trouve le Bookshop o\u00f9 on peut achet\u00e9 les catalogues des expositions organis\u00e9es dans l\u2019Ouvrage Charles-Albert, cartes postales et gadgets r\u00e9alis\u00e9s par l\u2019Association Fort de Bard: pins,t-shirt, cd avec la bande sonore du Mus\u00e9e des Alpes, le dvd sur l\u2019histoire de la forteresse et beaucoup d\u2019autres souvenirs d\u00e9di\u00e9s au Fort et aux expositions temporaires. Particuli\u00e8rement riche la section d\u00e9di\u00e9e aux publications pour enfants et gar\u00e7ons, avec volumes de narrative didactique.<\/p>\n<\/div>\n<hr>\n<h2>Catalogues des expositions<\/h2>\n<div>\n<p>Les catalogues des exposition du Fort de Bard sont disponibles \u00e0 travers:<\/p>\n<ul>\n<li>Vente directe chez la Librairie du Fort de Bard<\/li>\n<li>Site Internet Libroco<\/li>\n<li>Site Internet Bookservice<\/li>\n<\/ul>\n<p>Information: info@fortedibard.it<\/p>\n<\/div>\n<p><img decoding=\"async\" src=\"\/wp-content\/uploads\/2025\/08\/cataloghi.jpg\" alt=\"\"><\/p>\n<p><!--more--><br \/>\n<!-- {\"type\":\"layout\",\"children\":[{\"name\":\"Sezione principale\",\"type\":\"section\",\"props\":{\"image_position\":\"center-center\",\"padding_remove_bottom\":false,\"style\":\"default\",\"title_breakpoint\":\"xl\",\"title_position\":\"top-left\",\"title_rotation\":\"left\",\"vertical_align\":\"\",\"width\":\"expand\"},\"children\":[{\"type\":\"row\",\"children\":[{\"type\":\"column\",\"props\":{\"image_position\":\"center-center\",\"position_sticky_breakpoint\":\"m\",\"width_medium\":\"1-1\"},\"children\":[{\"type\":\"text\",\"props\":{\"column_breakpoint\":\"m\",\"content\":\"\n\n<p>[seopress_breadcrumbs]<\\\/p>\",\"css\":\".breadcrumb li span {\\nfont-weight: 300;\\n}\",\"margin\":\"default\",\"text_style\":\"small\"},\"name\":\"BREADCRUMBS - SeoPress\"},{\"type\":\"headline\",\"props\":{\"animation\":\"none\",\"content\":\"<strong>SHOP<\\\/strong>\",\"margin\":\"small\",\"margin_remove_top\":false,\"parallax_breakpoint\":\"m\",\"parallax_easing\":\"1\",\"parallax_end\":\"60vh + 60%\",\"parallax_opacity\":\"0.3,1\",\"parallax_y\":\"30,0\",\"title_element\":\"h1\",\"title_style\":\"h1\"}},{\"type\":\"headline\",\"props\":{\"content\":\"Librairie du Fort\",\"title_element\":\"h2\",\"title_style\":\"h3\"}},{\"type\":\"image\",\"props\":{\"image\":\"wp-content\\\/uploads\\\/2025\\\/08\\\/bookshop.jpg\",\"image_svg_color\":\"emphasis\",\"image_width\":2580,\"margin\":\"default\"}},{\"type\":\"text\",\"props\":{\"animation\":\"none\",\"column_breakpoint\":\"m\",\"column_divider\":false,\"content\":\"\n\n<p>Pr\\u00e8s du Guichet se trouve le Bookshop o\\u00f9 on peut achet\\u00e9 les catalogues des expositions organis\\u00e9es dans l\\u2019Ouvrage Charles-Albert, cartes postales et gadgets r\\u00e9alis\\u00e9s par l\\u2019Association Fort de Bard: pins,t-shirt, cd avec la bande sonore du Mus\\u00e9e des Alpes, le dvd sur l\\u2019histoire de la forteresse et beaucoup d\\u2019autres souvenirs d\\u00e9di\\u00e9s au Fort et aux expositions temporaires. Particuli\\u00e8rement riche la section d\\u00e9di\\u00e9e aux publications pour enfants et gar\\u00e7ons, avec volumes de narrative didactique.<\\\/p>\",\"margin\":\"default\"}}]}]},{\"type\":\"row\",\"children\":[{\"type\":\"column\",\"props\":{\"image_position\":\"center-center\",\"position_sticky_breakpoint\":\"m\"},\"children\":[{\"type\":\"divider\",\"props\":{\"divider_element\":\"hr\"}},{\"type\":\"headline\",\"props\":{\"content\":\"Catalogues des expositions\",\"title_element\":\"h2\",\"title_style\":\"h3\"}},{\"type\":\"text\",\"props\":{\"animation\":\"none\",\"column_breakpoint\":\"m\",\"column_divider\":false,\"content\":\"\n\n<p>Les catalogues des exposition du Fort de Bard sont disponibles \\u00e0 travers:<\\\/p>\\n\n\n<ul>\\n\n\n<li>Vente directe chez la Librairie du Fort de Bard<\\\/li>\\n\n\n<li>Site Internet Libroco<\\\/li>\\n\n\n<li>Site Internet Bookservice<\\\/li>\\n<\\\/ul>\\n\n\n<p>Information: info@fortedibard.it<\\\/p>\",\"margin\":\"default\"}},{\"type\":\"image\",\"props\":{\"image\":\"wp-content\\\/uploads\\\/2025\\\/08\\\/cataloghi.jpg\",\"image_svg_color\":\"emphasis\",\"image_width\":2580,\"margin\":\"default\"}}]}]}]}],\"version\":\"4.5.28\",\"yooessentialsVersion\":\"2.4.7\"} --><\/p>\n","protected":false},"excerpt":{"rendered":"<p>SHOP Librairie du Fort Pr\u00e8s du Guichet se trouve le Bookshop o\u00f9 on peut achet\u00e9 les catalogues des expositions organis\u00e9es dans l\u2019Ouvrage Charles-Albert, cartes postales et gadgets r\u00e9alis\u00e9s par l\u2019Association [&hellip;]<\/p>\n","protected":false},"author":1,"featured_media":0,"parent":0,"menu_order":0,"comment_status":"closed","ping_status":"closed","template":"","meta":{"_acf_changed":false,"_seopress_robots_primary_cat":"","_seopress_titles_title":"Boutique | Forte di Bard \u2013 Publications et objets exclusifs","_seopress_titles_desc":"Visitez la boutique du Forte di Bard : publications, souvenirs et produits li\u00e9s aux expositions. Modalit\u00e9s d'achat, livraison et paiements.","_seopress_robots_index":"","footnotes":""},"class_list":["post-5560","page","type-page","status-publish","hentry"],"acf":[],"publishpress_future_workflow_manual_trigger":{"enabledWorkflows":[]},"_links":{"self":[{"href":"https:\/\/www.fortedibard.it\/fr\/wp-json\/wp\/v2\/pages\/5560","targetHints":{"allow":["GET"]}}],"collection":[{"href":"https:\/\/www.fortedibard.it\/fr\/wp-json\/wp\/v2\/pages"}],"about":[{"href":"https:\/\/www.fortedibard.it\/fr\/wp-json\/wp\/v2\/types\/page"}],"author":[{"embeddable":true,"href":"https:\/\/www.fortedibard.it\/fr\/wp-json\/wp\/v2\/users\/1"}],"replies":[{"embeddable":true,"href":"https:\/\/www.fortedibard.it\/fr\/wp-json\/wp\/v2\/comments?post=5560"}],"version-history":[{"count":3,"href":"https:\/\/www.fortedibard.it\/fr\/wp-json\/wp\/v2\/pages\/5560\/revisions"}],"predecessor-version":[{"id":5563,"href":"https:\/\/www.fortedibard.it\/fr\/wp-json\/wp\/v2\/pages\/5560\/revisions\/5563"}],"wp:attachment":[{"href":"https:\/\/www.fortedibard.it\/fr\/wp-json\/wp\/v2\/media?parent=5560"}],"curies":[{"name":"wp","href":"https:\/\/api.w.org\/{rel}","templated":true}]}}