{"id":5551,"date":"2025-09-23T14:41:30","date_gmt":"2025-09-23T12:41:30","guid":{"rendered":"https:\/\/www.fortedibard.it\/sui-set-di-avengers-age-of-ultron\/"},"modified":"2025-10-30T09:37:40","modified_gmt":"2025-10-30T08:37:40","slug":"sur-les-plateaux-de-tournage-avengers-age-of-ultron","status":"publish","type":"page","link":"https:\/\/www.fortedibard.it\/fr\/sur-les-plateaux-de-tournage-avengers-age-of-ultron\/","title":{"rendered":"Sur les plateaux de tournage dAvengers: Age of Ultron"},"content":{"rendered":"<div>\n<nav  aria-label=\"breadcrumb\"><ol class=\"breadcrumb\" itemscope itemtype=\"https:\/\/schema.org\/BreadcrumbList\"><li class=\"breadcrumb-item active\" aria-current=\"page\" itemprop=\"itemListElement\" itemscope itemtype=\"https:\/\/schema.org\/ListItem\"><span itemprop=\"name\">Home<\/span><meta itemprop=\"position\" content=\"1\"><\/li><\/ol><\/nav>\n<\/div>\n<h1><strong>SUR LES PLATEAUX DE TOURNAGE D&rsquo;AVENGERS: <\/strong>Age of Ultron<\/h1>\n<p><img decoding=\"async\" src=\"\/wp-content\/uploads\/2025\/09\/compose.webp\" alt=\"\"><\/p>\n<div>\n<p>N&rsquo;importe quelle saison est bonne pour visiter les lieux qui ont accueilli les d\u00e9cors du blockbuster Marvel, Avengers : L&rsquo;\u00c8re d&rsquo;Ultron.<\/p>\n<p>Tous les lieux de tournage italiens d&rsquo;Avengers : L&rsquo;\u00c8re d&rsquo;Ultron, le blockbuster de 2015 avec les Avengers de Marvel, se trouvent dans la Vall\u00e9e d&rsquo;Aoste. Le Fort Bard, imposante forteresse construite au XIXe si\u00e8cle par la famille Savoy et abritant aujourd&rsquo;hui mus\u00e9es et expositions, a accueilli une partie du tournage, devenant ainsi l&rsquo;un des monuments embl\u00e9matiques du film.<br \/>Le Fort Bard est le quartier g\u00e9n\u00e9ral d&rsquo;Hydra, l&rsquo;ennemi jur\u00e9 du Shield, et le baron Von Strucker peut compter sur la collaboration des jumeaux surpuissants Scarlet Wu\u00ecitch et Quicksilver. C&rsquo;est dans ce ch\u00e2teau des m\u00e9chants qu&rsquo;Ultron met au point son plan pour d\u00e9truire la plan\u00e8te.<br \/>En souvenir du tournage qui a eu lieu en f\u00e9vrier 2014, des maquettes \u00e0 l&rsquo;\u00e9chelle 1:1 d&rsquo;Iron Man, Hulk et Captain America sont expos\u00e9es au palier du troisi\u00e8me ascenseur panoramique.<\/p>\n<p>Pour guider les fans de super-h\u00e9ros Marvel vers les lieux de tournage de certaines sc\u00e8nes du film \u00e0 succ\u00e8s, des totems de signalisation \u00e0 l&rsquo;effigie des protagonistes ont \u00e9t\u00e9 install\u00e9s. Chaque totem pr\u00e9sente la liste compl\u00e8te des lieux et un QR code donnant acc\u00e8s \u00e0 des contenus vid\u00e9o exclusifs.<\/p>\n<p><strong>\u00c0 VOIR<\/strong><br \/>Explorez les centres historiques des villes de la Vall\u00e9e d&rsquo;Aoste, transform\u00e9es en Sokovie, ville fictive d&rsquo;Europe de l&rsquo;Est. \u00c0 Bard, vous pourrez p\u00e9n\u00e9trer dans le majestueux Fort, choisi comme quartier g\u00e9n\u00e9ral d&rsquo;Hydra, l&rsquo;ennemi jur\u00e9 du Shield, o\u00f9 le baron Von Strucker a pu compter sur la collaboration des jumeaux surpuissants Sorci\u00e8re Rouge et Vif-Argent. C&rsquo;est dans ce ch\u00e2teau des m\u00e9chants qu&rsquo;Ultron met au point son plan pour d\u00e9truire la plan\u00e8te. Le tournage s&rsquo;est principalement concentr\u00e9 sur la route pi\u00e9tonne qui grimpe au nord de la forteresse.<br \/>Les autres lieux de tournage offrent de nombreuses attractions\u00a0: \u00e0 Donnas, vous pourrez retracer la voie romaine de Gaule, creus\u00e9e dans la roche et surplomb\u00e9e par son arche caract\u00e9ristique, et le village m\u00e9di\u00e9val qui conserve des b\u00e2timents des XVIe et XVIIe si\u00e8cles.<br \/>\u00c0 Pont-Saint-Martin, le pont romain sur la Lys, qui domine le centre-ville, m\u00e9rite une visite. \u00c0 Verr\u00e8s, le splendide village m\u00e9di\u00e9val est domin\u00e9 par la coll\u00e9giale Saint-Gilles, d&rsquo;o\u00f9 l&rsquo;acteur Jeremy Renner observe le paysage dans le film.<br \/>Le tunnel ferroviaire aper\u00e7u au d\u00e9but du film est visible depuis la Via Stazione \u00e0 H\u00f4ne et passe sous le fort de Bard. Les vestiges romains, pr\u00e9sents dans de nombreuses sc\u00e8nes de bataille en Sokovie, sont les remparts romains de la ville d&rsquo;Aoste.<br \/>Les d\u00e9cors d&rsquo;Avengers : L&rsquo;\u00c8re d&rsquo;Ultron vous attendent en Vall\u00e9e d&rsquo;Aoste.<\/p>\n<p><strong>SC\u00c8NES ET LIEUX DU FORT<\/strong><\/p>\n<p>Dans le film Avengers : L&rsquo;\u00c8re d&rsquo;Ultron, la grille en fer s\u00e9parant le palier du premier ascenseur panoramique et la mont\u00e9e vers l&rsquo;Op\u00e9ra Ferdinando est facilement reconnaissable.<\/p>\n<p>La sc\u00e8ne o\u00f9 Iron Man atterrit sur les pav\u00e9s de la rue se d\u00e9roule entre l&rsquo;Op\u00e9ra Mortai et l&rsquo;Op\u00e9ra Ferdinando.<\/p>\n<p>En continuant le long de la promenade pi\u00e9tonne au nord de la forteresse, vous atteindrez le point de vue panoramique o\u00f9 certaines sc\u00e8nes de tirs antia\u00e9riens ont \u00e9t\u00e9 tourn\u00e9es, pr\u00e8s de la zone menant aux \u00c9curies du Fort.<\/p>\n<p>La sc\u00e8ne d\u00e9sormais c\u00e9l\u00e8bre des bandes-annonces montrant Iron Man sur les collines entourant le Fort a \u00e9t\u00e9 tourn\u00e9e pr\u00e8s du village d&rsquo;Albard di Bard (accessible en voiture depuis le chef-lieu de Donnas).<\/p>\n<\/div>\n<hr>\n<ul>\n<li>\n<p>        <img decoding=\"async\" src=\"\/wp-content\/uploads\/2025\/09\/avengers_cancello2.jpg\" alt=\"\"><\/p>\n<h3>avengers_cancello2<\/h3>\n<\/li>\n<li>\n<p>        <img decoding=\"async\" src=\"\/wp-content\/uploads\/2025\/09\/avengers_cancello_film3.jpg\" alt=\"\"><\/p>\n<h3>avengers_cancello_film3<\/h3>\n<\/li>\n<li>\n<p>        <img decoding=\"async\" src=\"\/wp-content\/uploads\/2025\/09\/avengers_ferdin1_4.jpg\" alt=\"\"><\/p>\n<h3>avengers_ferdin1_4<\/h3>\n<\/li>\n<li>\n<p>        <img decoding=\"async\" src=\"\/wp-content\/uploads\/2025\/09\/avengers_ferdinando_film_5.jpg\" alt=\"\"><\/p>\n<h3>avengers_ferdinando_film_5<\/h3>\n<\/li>\n<li>\n<p>        <img decoding=\"async\" src=\"\/wp-content\/uploads\/2025\/09\/avengers_belvedere_forte_6.jpg\" alt=\"\"><\/p>\n<h3>avengers_belvedere_forte_6<\/h3>\n<\/li>\n<li>\n<p>        <img decoding=\"async\" src=\"\/wp-content\/uploads\/2025\/09\/avengers_albard_film_7.jpg\" alt=\"\"><\/p>\n<h3>avengers_albard_film_7<\/h3>\n<\/li>\n<\/ul>\n<p><!--more--><br \/>\n<!-- {\"type\":\"layout\",\"children\":[{\"name\":\"Sezione principale\",\"type\":\"section\",\"props\":{\"image_position\":\"center-center\",\"padding_remove_bottom\":false,\"style\":\"default\",\"title_breakpoint\":\"xl\",\"title_position\":\"top-left\",\"title_rotation\":\"left\",\"vertical_align\":\"\",\"width\":\"expand\"},\"children\":[{\"type\":\"row\",\"children\":[{\"type\":\"column\",\"props\":{\"image_position\":\"center-center\",\"position_sticky_breakpoint\":\"m\",\"width_medium\":\"1-1\"},\"children\":[{\"type\":\"text\",\"props\":{\"column_breakpoint\":\"m\",\"content\":\"\n\n<p>[seopress_breadcrumbs]<\\\/p>\",\"css\":\".breadcrumb li span {\\nfont-weight: 300;\\n}\",\"margin\":\"default\",\"text_style\":\"small\"},\"name\":\"BREADCRUMBS - SeoPress\"},{\"type\":\"headline\",\"props\":{\"animation\":\"none\",\"content\":\"<strong>SUR LES PLATEAUX DE TOURNAGE D'AVENGERS: <\\\/strong>Age of Ultron\",\"margin\":\"small\",\"margin_remove_top\":false,\"parallax_breakpoint\":\"m\",\"parallax_easing\":\"1\",\"parallax_end\":\"60vh + 60%\",\"parallax_opacity\":\"0.3,1\",\"parallax_y\":\"30,0\",\"title_element\":\"h1\",\"title_style\":\"h1\"}},{\"type\":\"image\",\"props\":{\"image\":\"wp-content\\\/uploads\\\/2025\\\/09\\\/compose.webp\",\"image_svg_color\":\"emphasis\",\"image_width\":2580,\"margin\":\"default\"}},{\"type\":\"text\",\"props\":{\"animation\":\"none\",\"column_breakpoint\":\"m\",\"column_divider\":false,\"content\":\"\n\n<p>N'importe quelle saison est bonne pour visiter les lieux qui ont accueilli les d\\u00e9cors du blockbuster Marvel, Avengers : L'\\u00c8re d'Ultron.<\\\/p>\\n\n\n<p>Tous les lieux de tournage italiens d'Avengers : L'\\u00c8re d'Ultron, le blockbuster de 2015 avec les Avengers de Marvel, se trouvent dans la Vall\\u00e9e d'Aoste. Le Fort Bard, imposante forteresse construite au XIXe si\\u00e8cle par la famille Savoy et abritant aujourd'hui mus\\u00e9es et expositions, a accueilli une partie du tournage, devenant ainsi l'un des monuments embl\\u00e9matiques du film.<br \\\/>Le Fort Bard est le quartier g\\u00e9n\\u00e9ral d'Hydra, l'ennemi jur\\u00e9 du Shield, et le baron Von Strucker peut compter sur la collaboration des jumeaux surpuissants Scarlet Wu\\u00ecitch et Quicksilver. C'est dans ce ch\\u00e2teau des m\\u00e9chants qu'Ultron met au point son plan pour d\\u00e9truire la plan\\u00e8te.<br \\\/>En souvenir du tournage qui a eu lieu en f\\u00e9vrier 2014, des maquettes \\u00e0 l'\\u00e9chelle 1:1 d'Iron Man, Hulk et Captain America sont expos\\u00e9es au palier du troisi\\u00e8me ascenseur panoramique.<\\\/p>\\n\n\n<p>Pour guider les fans de super-h\\u00e9ros Marvel vers les lieux de tournage de certaines sc\\u00e8nes du film \\u00e0 succ\\u00e8s, des totems de signalisation \\u00e0 l'effigie des protagonistes ont \\u00e9t\\u00e9 install\\u00e9s. Chaque totem pr\\u00e9sente la liste compl\\u00e8te des lieux et un QR code donnant acc\\u00e8s \\u00e0 des contenus vid\\u00e9o exclusifs.<\\\/p>\\n\n\n<p><strong>\\u00c0 VOIR<\\\/strong><br \\\/>Explorez les centres historiques des villes de la Vall\\u00e9e d'Aoste, transform\\u00e9es en Sokovie, ville fictive d'Europe de l'Est. \\u00c0 Bard, vous pourrez p\\u00e9n\\u00e9trer dans le majestueux Fort, choisi comme quartier g\\u00e9n\\u00e9ral d'Hydra, l'ennemi jur\\u00e9 du Shield, o\\u00f9 le baron Von Strucker a pu compter sur la collaboration des jumeaux surpuissants Sorci\\u00e8re Rouge et Vif-Argent. C'est dans ce ch\\u00e2teau des m\\u00e9chants qu'Ultron met au point son plan pour d\\u00e9truire la plan\\u00e8te. Le tournage s'est principalement concentr\\u00e9 sur la route pi\\u00e9tonne qui grimpe au nord de la forteresse.<br \\\/>Les autres lieux de tournage offrent de nombreuses attractions\\u00a0: \\u00e0 Donnas, vous pourrez retracer la voie romaine de Gaule, creus\\u00e9e dans la roche et surplomb\\u00e9e par son arche caract\\u00e9ristique, et le village m\\u00e9di\\u00e9val qui conserve des b\\u00e2timents des XVIe et XVIIe si\\u00e8cles.<br \\\/>\\u00c0 Pont-Saint-Martin, le pont romain sur la Lys, qui domine le centre-ville, m\\u00e9rite une visite. \\u00c0 Verr\\u00e8s, le splendide village m\\u00e9di\\u00e9val est domin\\u00e9 par la coll\\u00e9giale Saint-Gilles, d'o\\u00f9 l'acteur Jeremy Renner observe le paysage dans le film.<br \\\/>Le tunnel ferroviaire aper\\u00e7u au d\\u00e9but du film est visible depuis la Via Stazione \\u00e0 H\\u00f4ne et passe sous le fort de Bard. Les vestiges romains, pr\\u00e9sents dans de nombreuses sc\\u00e8nes de bataille en Sokovie, sont les remparts romains de la ville d'Aoste.<br \\\/>Les d\\u00e9cors d'Avengers : L'\\u00c8re d'Ultron vous attendent en Vall\\u00e9e d'Aoste.<\\\/p>\\n\n\n<p><strong>SC\\u00c8NES ET LIEUX DU FORT<\\\/strong><\\\/p>\\n\n\n<p>Dans le film Avengers : L'\\u00c8re d'Ultron, la grille en fer s\\u00e9parant le palier du premier ascenseur panoramique et la mont\\u00e9e vers l'Op\\u00e9ra Ferdinando est facilement reconnaissable.<\\\/p>\\n\n\n<p>La sc\\u00e8ne o\\u00f9 Iron Man atterrit sur les pav\\u00e9s de la rue se d\\u00e9roule entre l'Op\\u00e9ra Mortai et l'Op\\u00e9ra Ferdinando.<\\\/p>\\n\n\n<p>En continuant le long de la promenade pi\\u00e9tonne au nord de la forteresse, vous atteindrez le point de vue panoramique o\\u00f9 certaines sc\\u00e8nes de tirs antia\\u00e9riens ont \\u00e9t\\u00e9 tourn\\u00e9es, pr\\u00e8s de la zone menant aux \\u00c9curies du Fort.<\\\/p>\\n\n\n<p>La sc\\u00e8ne d\\u00e9sormais c\\u00e9l\\u00e8bre des bandes-annonces montrant Iron Man sur les collines entourant le Fort a \\u00e9t\\u00e9 tourn\\u00e9e pr\\u00e8s du village d'Albard di Bard (accessible en voiture depuis le chef-lieu de Donnas).<\\\/p>\",\"margin\":\"default\"}}]}]},{\"type\":\"row\",\"children\":[{\"type\":\"column\",\"props\":{\"image_position\":\"center-center\",\"position_sticky_breakpoint\":\"m\"},\"children\":[{\"type\":\"divider\",\"props\":{\"divider_element\":\"hr\"}},{\"type\":\"gallery\",\"props\":{\"filter_align\":\"left\",\"filter_all\":true,\"filter_grid_breakpoint\":\"m\",\"filter_grid_width\":\"auto\",\"filter_position\":\"top\",\"filter_style\":\"tab\",\"grid_default\":\"1\",\"grid_medium\":\"3\",\"item_animation\":true,\"lightbox\":true,\"lightbox_bg_close\":true,\"link_style\":\"default\",\"link_text\":\"\",\"margin\":\"default\",\"meta_align\":\"below-title\",\"meta_element\":\"div\",\"meta_style\":\"text-meta\",\"overlay_hover\":true,\"overlay_link\":true,\"overlay_mode\":\"cover\",\"overlay_position\":\"center\",\"overlay_style\":\"\",\"overlay_transition\":\"fade\",\"show_content\":true,\"show_hover_image\":true,\"show_hover_video\":true,\"show_link\":true,\"show_meta\":true,\"show_title\":false,\"text_align\":\"center\",\"text_color\":\"light\",\"title_element\":\"h3\",\"title_hover_style\":\"reset\"},\"children\":[{\"type\":\"gallery_item\",\"props\":{\"image\":\"wp-content\\\/uploads\\\/2025\\\/09\\\/avengers_cancello2.jpg\",\"title\":\"avengers_cancello2\"}},{\"type\":\"gallery_item\",\"props\":{\"image\":\"wp-content\\\/uploads\\\/2025\\\/09\\\/avengers_cancello_film3.jpg\",\"title\":\"avengers_cancello_film3\"}},{\"type\":\"gallery_item\",\"props\":{\"image\":\"wp-content\\\/uploads\\\/2025\\\/09\\\/avengers_ferdin1_4.jpg\",\"title\":\"avengers_ferdin1_4\"}},{\"type\":\"gallery_item\",\"props\":{\"image\":\"wp-content\\\/uploads\\\/2025\\\/09\\\/avengers_ferdinando_film_5.jpg\",\"title\":\"avengers_ferdinando_film_5\"}},{\"type\":\"gallery_item\",\"props\":{\"image\":\"wp-content\\\/uploads\\\/2025\\\/09\\\/avengers_belvedere_forte_6.jpg\",\"title\":\"avengers_belvedere_forte_6\"}},{\"type\":\"gallery_item\",\"props\":{\"image\":\"wp-content\\\/uploads\\\/2025\\\/09\\\/avengers_albard_film_7.jpg\",\"title\":\"avengers_albard_film_7\"}}]}]}]}]}],\"version\":\"4.5.28\",\"yooessentialsVersion\":\"2.4.7\"} --><\/p>\n","protected":false},"excerpt":{"rendered":"<p>SUR LES PLATEAUX DE TOURNAGE D&rsquo;AVENGERS: Age of Ultron N&rsquo;importe quelle saison est bonne pour visiter les lieux qui ont accueilli les d\u00e9cors du blockbuster Marvel, Avengers : L&rsquo;\u00c8re d&rsquo;Ultron. [&hellip;]<\/p>\n","protected":false},"author":1,"featured_media":0,"parent":0,"menu_order":0,"comment_status":"closed","ping_status":"closed","template":"","meta":{"_acf_changed":false,"_seopress_robots_primary_cat":"","_seopress_titles_title":"Sur les plateaux d'Avengers: Age of Ultron | Forte di Bard","_seopress_titles_desc":"D\u00e9couvrez le r\u00f4le du Forte di Bard comme d\u00e9cor pour Avengers: Age of Ultron : coulisses, photos du tournage et informations pour visiter les lieux de tournage.","_seopress_robots_index":"","footnotes":""},"class_list":["post-5551","page","type-page","status-publish","hentry"],"acf":[],"publishpress_future_workflow_manual_trigger":{"enabledWorkflows":[]},"_links":{"self":[{"href":"https:\/\/www.fortedibard.it\/fr\/wp-json\/wp\/v2\/pages\/5551","targetHints":{"allow":["GET"]}}],"collection":[{"href":"https:\/\/www.fortedibard.it\/fr\/wp-json\/wp\/v2\/pages"}],"about":[{"href":"https:\/\/www.fortedibard.it\/fr\/wp-json\/wp\/v2\/types\/page"}],"author":[{"embeddable":true,"href":"https:\/\/www.fortedibard.it\/fr\/wp-json\/wp\/v2\/users\/1"}],"replies":[{"embeddable":true,"href":"https:\/\/www.fortedibard.it\/fr\/wp-json\/wp\/v2\/comments?post=5551"}],"version-history":[{"count":4,"href":"https:\/\/www.fortedibard.it\/fr\/wp-json\/wp\/v2\/pages\/5551\/revisions"}],"predecessor-version":[{"id":5558,"href":"https:\/\/www.fortedibard.it\/fr\/wp-json\/wp\/v2\/pages\/5551\/revisions\/5558"}],"wp:attachment":[{"href":"https:\/\/www.fortedibard.it\/fr\/wp-json\/wp\/v2\/media?parent=5551"}],"curies":[{"name":"wp","href":"https:\/\/api.w.org\/{rel}","templated":true}]}}