{"id":5532,"date":"2025-08-20T17:15:52","date_gmt":"2025-08-20T15:15:52","guid":{"rendered":"https:\/\/www.fortedibard.it\/save-the-glacier\/"},"modified":"2025-10-30T09:36:59","modified_gmt":"2025-10-30T08:36:59","slug":"save-the-glacier","status":"publish","type":"page","link":"https:\/\/www.fortedibard.it\/fr\/save-the-glacier\/","title":{"rendered":"Save the Glacier"},"content":{"rendered":"<div>\n<nav  aria-label=\"breadcrumb\"><ol class=\"breadcrumb\" itemscope itemtype=\"https:\/\/schema.org\/BreadcrumbList\"><li class=\"breadcrumb-item active\" aria-current=\"page\" itemprop=\"itemListElement\" itemscope itemtype=\"https:\/\/schema.org\/ListItem\"><span itemprop=\"name\">Home<\/span><meta itemprop=\"position\" content=\"1\"><\/li><\/ol><\/nav>\n<\/div>\n<h1><strong>SAVE THE GLACIER<\/strong><\/h1>\n<h2>2025 Ann\u00e9e internationale des glaciers<\/h2>\n<div>\n<p>Fort Bard promeut des actions de sensibilisation \u00e0 la protection de l&rsquo;environnement et des activit\u00e9s \u00e9ducatives li\u00e9es au changement climatique. Cet engagement se traduit \u00e9galement par des initiatives visant \u00e0 r\u00e9duire les co\u00fbts \u00e9nerg\u00e9tiques de la forteresse et \u00e0 promouvoir la mobilit\u00e9 durable. Ces efforts ont donn\u00e9 naissance au projet \u00ab Save the Glacier\u00bb.<\/p>\n<\/div>\n<div>\n<p>Le projet L\u2019Adieu des glaciers : recherche photographique et scientifique entend proposer un voyage iconographique et scientifique parmi les glaciers des quatre grands sommets de plus de quatre mille m\u00e8tres de la Vall\u00e9e d\u2019Aoste pour raconter leurs transformations.<\/p>\n<\/div>\n<hr>\n<h2>Prix d&rsquo;\u00e9tudes Fort de Bard<\/h2>\n<div>\n<p>Le Fort de Bard en collaboration avec l\u2019Universit\u00e0 degli Studi de Turin, Arpa Valle d\u2019Aoste (Agence r\u00e9gionale pour la protection environnementale et la pr\u00e9vention de la Vall\u00e9e d\u2019Aoste), le Comit\u00e9 glaciologique et la Fondation Montagna Sicura publie un avis de \u00ab\u00a0Prix Fort de Bard\u00a0\u00bb. Le concours vise \u00e0 promouvoir des \u00e9tudes et des recherches sur la culture de la montagne.<\/p>\n<\/div>\n<hr>\n<h2>Project de recherche sur le Glacier Indren<\/h2>\n<div>\n<p>Le Fort de Bard finance un projet de recherche visant \u00e0 mesurer la r\u00e9duction du glacier d\u2019Indren sur le massif du Mont Rose.<\/p>\n<\/p>\n<\/div>\n<hr>\n<h2>Avec SkyWay Monte Bianco \u00e0 Green PEA<\/h2>\n<div>\n<p>Pour soutenir les objectifs du projet Save the Glacier, Le Fort de Bard et Skyway Monte Bianco se pr\u00e9sentent ensemble au Green Pea de Turin, le premier Green Retail Park au monde consacr\u00e9 au th\u00e8me du respect de l\u2019environnement, afin de sensibiliser le public aux changements climatiques.<\/p>\n<\/div>\n<hr>\n<h2>Convention avec l&rsquo;Universit\u00e9 de Turin<\/h2>\n<div>\n<p>Accord de collaboration entre le Fort de Bard, le D\u00e9partement des Sciences agricoles, foresti\u00e8res et alimentaires de l\u2019Universit\u00e0 degli Studi de Turin et NatRisk, pour le d\u00e9veloppement d\u2019activit\u00e9s scientifiques, p\u00e9dagogiques et de divulgation.<\/p>\n<\/div>\n<hr>\n<h2>Energy Saving<\/h2>\n<p><img decoding=\"async\" src=\"\/wp-content\/uploads\/2025\/08\/quatrittico-immagine-orizzontale.png\" alt=\"\"><\/p>\n<div>\n<p>Le Fort de Bard, en accord avec ce qui a \u00e9t\u00e9 d\u00e9cr\u00e9t\u00e9 au niveau de la politique \u00e9nerg\u00e9tique communautaire (paquet climat \u00e9nergie 20-20-20 adopt\u00e9 par le Parlement europ\u00e9en en 2008), \u00e0 travers le projet Energy Saving (2019-2023), vise \u00e0 promouvoir une gestion renouvel\u00e9e et intelligente de ses installations en am\u00e9liorant la performance \u00e9nerg\u00e9tique par l\u2019augmentation de l\u2019efficacit\u00e9 du syst\u00e8me de climatisation et par l\u2019optimisation d\u2019une partie importante du syst\u00e8me d\u2019\u00e9clairage artificiel.<\/p>\n<\/div>\n<p><!--more--><br \/>\n<!-- {\"type\":\"layout\",\"children\":[{\"name\":\"Sezione principale\",\"type\":\"section\",\"props\":{\"image_position\":\"center-center\",\"padding_remove_bottom\":false,\"style\":\"default\",\"title_breakpoint\":\"xl\",\"title_position\":\"top-left\",\"title_rotation\":\"left\",\"vertical_align\":\"\",\"width\":\"expand\"},\"children\":[{\"type\":\"row\",\"children\":[{\"type\":\"column\",\"props\":{\"image_position\":\"center-center\",\"position_sticky_breakpoint\":\"m\",\"width_medium\":\"1-1\"},\"children\":[{\"type\":\"text\",\"props\":{\"column_breakpoint\":\"m\",\"content\":\"\n\n<p>[seopress_breadcrumbs]<\\\/p>\",\"css\":\".breadcrumb li span {\\nfont-weight: 300;\\n}\",\"margin\":\"default\",\"text_style\":\"small\"},\"name\":\"BREADCRUMBS - SeoPress\"},{\"type\":\"headline\",\"props\":{\"animation\":\"none\",\"content\":\"<strong>SAVE THE GLACIER<\\\/strong>\",\"margin\":\"small\",\"margin_remove_top\":false,\"parallax_breakpoint\":\"m\",\"parallax_easing\":\"1\",\"parallax_end\":\"60vh + 60%\",\"parallax_opacity\":\"0.3,1\",\"parallax_y\":\"30,0\",\"title_element\":\"h1\",\"title_style\":\"h1\"}},{\"type\":\"headline\",\"props\":{\"content\":\"2025 Ann\\u00e9e internationale des glaciers\",\"margin_remove_top\":true,\"title_element\":\"h2\",\"title_style\":\"h4\"}},{\"type\":\"text\",\"props\":{\"animation\":\"none\",\"column_breakpoint\":\"m\",\"column_divider\":false,\"content\":\"\n\n<p>Fort Bard promeut des actions de sensibilisation \\u00e0 la protection de l'environnement et des activit\\u00e9s \\u00e9ducatives li\\u00e9es au changement climatique. Cet engagement se traduit \\u00e9galement par des initiatives visant \\u00e0 r\\u00e9duire les co\\u00fbts \\u00e9nerg\\u00e9tiques de la forteresse et \\u00e0 promouvoir la mobilit\\u00e9 durable. Ces efforts ont donn\\u00e9 naissance au projet \\u00ab Save the Glacier\\u00bb.<\\\/p>\",\"margin\":\"default\",\"text_style\":\"large\"}},{\"type\":\"text\",\"props\":{\"animation\":\"none\",\"column_breakpoint\":\"m\",\"column_divider\":false,\"content\":\"\n\n<p>Le projet L\\u2019Adieu des glaciers : recherche photographique et scientifique entend proposer un voyage iconographique et scientifique parmi les glaciers des quatre grands sommets de plus de quatre mille m\\u00e8tres de la Vall\\u00e9e d\\u2019Aoste pour raconter leurs transformations.<\\\/p>\",\"margin\":\"default\"}}]}]},{\"type\":\"row\",\"children\":[{\"type\":\"column\",\"props\":{\"image_position\":\"center-center\",\"position_sticky_breakpoint\":\"m\"},\"children\":[{\"type\":\"divider\",\"props\":{\"divider_element\":\"hr\"}},{\"type\":\"headline\",\"props\":{\"content\":\"Prix d'\\u00e9tudes Fort de Bard\",\"margin_remove_top\":true,\"title_element\":\"h2\",\"title_style\":\"h3\"},\"name\":\"Prix d'\\u00e9tudes Fort de Bard\"},{\"type\":\"text\",\"props\":{\"column_breakpoint\":\"m\",\"content\":\"\n\n<p>Le Fort de Bard en collaboration avec l\\u2019Universit\\u00e0 degli Studi de Turin, Arpa Valle d\\u2019Aoste (Agence r\\u00e9gionale pour la protection environnementale et la pr\\u00e9vention de la Vall\\u00e9e d\\u2019Aoste), le Comit\\u00e9 glaciologique et la Fondation Montagna Sicura publie un avis de \\u00ab\\u00a0Prix Fort de Bard\\u00a0\\u00bb. Le concours vise \\u00e0 promouvoir des \\u00e9tudes et des recherches sur la culture de la montagne.<\\\/p>\",\"margin\":\"default\"}}]}]},{\"type\":\"row\",\"children\":[{\"type\":\"column\",\"props\":{\"image_position\":\"center-center\",\"position_sticky_breakpoint\":\"m\"},\"children\":[{\"type\":\"divider\",\"props\":{\"divider_element\":\"hr\"}},{\"type\":\"headline\",\"props\":{\"content\":\"Project de recherche sur le Glacier Indren\",\"margin_remove_top\":true,\"title_element\":\"h2\",\"title_style\":\"h3\"},\"name\":\"Project de recherche sur le Glacier Indren\"},{\"type\":\"text\",\"props\":{\"column_breakpoint\":\"m\",\"content\":\"\n\n<p>Le Fort de Bard finance un projet de recherche visant \\u00e0 mesurer la r\\u00e9duction du glacier d\\u2019Indren sur le massif du Mont Rose.<\\\/p>\\n\n\n<p><\\\/p>\",\"margin\":\"default\"}}]}]},{\"type\":\"row\",\"children\":[{\"type\":\"column\",\"props\":{\"image_position\":\"center-center\",\"position_sticky_breakpoint\":\"m\"},\"children\":[{\"type\":\"divider\",\"props\":{\"divider_element\":\"hr\"}},{\"type\":\"headline\",\"props\":{\"content\":\"Avec SkyWay Monte Bianco \\u00e0 Green PEA\",\"margin_remove_top\":true,\"title_element\":\"h2\",\"title_style\":\"h3\"},\"name\":\"Con SkyWay Monte Bianco a Green PEA\"},{\"type\":\"text\",\"props\":{\"column_breakpoint\":\"m\",\"content\":\"\n\n<p>Pour soutenir les objectifs du projet Save the Glacier, Le Fort de Bard et Skyway Monte Bianco se pr\\u00e9sentent ensemble au Green Pea de Turin, le premier Green Retail Park au monde consacr\\u00e9 au th\\u00e8me du respect de l\\u2019environnement, afin de sensibiliser le public aux changements climatiques.<\\\/p>\",\"margin\":\"default\"}}]}]},{\"type\":\"row\",\"children\":[{\"type\":\"column\",\"props\":{\"image_position\":\"center-center\",\"position_sticky_breakpoint\":\"m\"},\"children\":[{\"type\":\"divider\",\"props\":{\"divider_element\":\"hr\"}},{\"type\":\"headline\",\"props\":{\"content\":\"Convention avec l'Universit\\u00e9 de Turin\",\"margin_remove_top\":true,\"title_element\":\"h2\",\"title_style\":\"h3\"},\"name\":\"Premio di Studio Forte di Bard\"},{\"type\":\"text\",\"props\":{\"column_breakpoint\":\"m\",\"content\":\"\n\n<p>Accord de collaboration entre le Fort de Bard, le D\\u00e9partement des Sciences agricoles, foresti\\u00e8res et alimentaires de l\\u2019Universit\\u00e0 degli Studi de Turin et NatRisk, pour le d\\u00e9veloppement d\\u2019activit\\u00e9s scientifiques, p\\u00e9dagogiques et de divulgation.<\\\/p>\",\"margin\":\"default\"}}]}]},{\"type\":\"row\",\"children\":[{\"type\":\"column\",\"props\":{\"image_position\":\"center-center\",\"position_sticky_breakpoint\":\"m\"},\"children\":[{\"type\":\"divider\",\"props\":{\"divider_element\":\"hr\"}},{\"type\":\"headline\",\"props\":{\"content\":\"Energy Saving\",\"margin_remove_top\":true,\"title_element\":\"h2\",\"title_style\":\"h3\"},\"name\":\"Energy Saving\"},{\"type\":\"image\",\"props\":{\"image\":\"wp-content\\\/uploads\\\/2025\\\/08\\\/quatrittico-immagine-orizzontale.png\",\"image_svg_color\":\"emphasis\",\"margin\":\"default\"}},{\"type\":\"text\",\"props\":{\"column_breakpoint\":\"m\",\"content\":\"\n\n<p>Le Fort de Bard, en accord avec ce qui a \\u00e9t\\u00e9 d\\u00e9cr\\u00e9t\\u00e9 au niveau de la politique \\u00e9nerg\\u00e9tique communautaire (paquet climat \\u00e9nergie 20-20-20 adopt\\u00e9 par le Parlement europ\\u00e9en en 2008), \\u00e0 travers le projet Energy Saving (2019-2023), vise \\u00e0 promouvoir une gestion renouvel\\u00e9e et intelligente de ses installations en am\\u00e9liorant la performance \\u00e9nerg\\u00e9tique par l\\u2019augmentation de l\\u2019efficacit\\u00e9 du syst\\u00e8me de climatisation et par l\\u2019optimisation d\\u2019une partie importante du syst\\u00e8me d\\u2019\\u00e9clairage artificiel.<\\\/p>\",\"margin\":\"default\"}}]}]}]}],\"version\":\"4.5.28\",\"yooessentialsVersion\":\"2.4.7\"} --><\/p>\n","protected":false},"excerpt":{"rendered":"<p>SAVE THE GLACIER 2025 Ann\u00e9e internationale des glaciers Fort Bard promeut des actions de sensibilisation \u00e0 la protection de l&rsquo;environnement et des activit\u00e9s \u00e9ducatives li\u00e9es au changement climatique. Cet engagement [&hellip;]<\/p>\n","protected":false},"author":1,"featured_media":0,"parent":0,"menu_order":0,"comment_status":"closed","ping_status":"closed","template":"","meta":{"_acf_changed":false,"_seopress_robots_primary_cat":"","_seopress_titles_title":"Save the Glacier | Forte di Bard \u2013 Sauvegarde des glaciers","_seopress_titles_desc":"Informez\u2011vous sur l'initiative Save the Glacier du Forte di Bard : campagnes de sensibilisation, projets scientifiques et actions pour prot\u00e9ger les glaciers.","_seopress_robots_index":"","_seopress_analysis_target_kw":"","footnotes":""},"class_list":["post-5532","page","type-page","status-publish","hentry"],"acf":[],"publishpress_future_workflow_manual_trigger":{"enabledWorkflows":[]},"_links":{"self":[{"href":"https:\/\/www.fortedibard.it\/fr\/wp-json\/wp\/v2\/pages\/5532","targetHints":{"allow":["GET"]}}],"collection":[{"href":"https:\/\/www.fortedibard.it\/fr\/wp-json\/wp\/v2\/pages"}],"about":[{"href":"https:\/\/www.fortedibard.it\/fr\/wp-json\/wp\/v2\/types\/page"}],"author":[{"embeddable":true,"href":"https:\/\/www.fortedibard.it\/fr\/wp-json\/wp\/v2\/users\/1"}],"replies":[{"embeddable":true,"href":"https:\/\/www.fortedibard.it\/fr\/wp-json\/wp\/v2\/comments?post=5532"}],"version-history":[{"count":8,"href":"https:\/\/www.fortedibard.it\/fr\/wp-json\/wp\/v2\/pages\/5532\/revisions"}],"predecessor-version":[{"id":5548,"href":"https:\/\/www.fortedibard.it\/fr\/wp-json\/wp\/v2\/pages\/5532\/revisions\/5548"}],"wp:attachment":[{"href":"https:\/\/www.fortedibard.it\/fr\/wp-json\/wp\/v2\/media?parent=5532"}],"curies":[{"name":"wp","href":"https:\/\/api.w.org\/{rel}","templated":true}]}}