{"id":5261,"date":"2025-08-06T16:46:01","date_gmt":"2025-08-06T14:46:01","guid":{"rendered":"https:\/\/www.fortedibard.it\/didattica\/"},"modified":"2026-04-13T11:47:09","modified_gmt":"2026-04-13T09:47:09","slug":"didactique","status":"publish","type":"page","link":"https:\/\/www.fortedibard.it\/fr\/didactique\/","title":{"rendered":"Didactique"},"content":{"rendered":"<div>\n<nav  aria-label=\"breadcrumb\"><ol class=\"breadcrumb\" itemscope itemtype=\"https:\/\/schema.org\/BreadcrumbList\"><li class=\"breadcrumb-item active\" aria-current=\"page\" itemprop=\"itemListElement\" itemscope itemtype=\"https:\/\/schema.org\/ListItem\"><span itemprop=\"name\">Home<\/span><meta itemprop=\"position\" content=\"1\"><\/li><\/ol><\/nav>\n<\/div>\n<h1><strong>DIDACTIQUE. <\/strong>Le Fort de Bard et l&rsquo;\u00e9cole<\/h1>\n<div>\n<p>Le principal p\u00f4le culturel et touristique de la Vall\u00e9e d\u2019Aoste propose aux \u00e9coles une offre large et diversifi\u00e9e d\u2019activit\u00e9s didactiques, cr\u00e9\u00e9es en fonction du niveau scolaire et de l\u2019\u00e2ge des \u00e9tudiants. <strong>Le Mus\u00e9e des Alpes repr\u00e9sente le c\u0153ur de l\u2019offre culturelle<\/strong> : il s\u2019agit d\u2019un voyage \u00e0 la d\u00e9couverte de l\u2019univers alpin, qui se pr\u00eate \u00e0 de multiples d\u00e9veloppements d\u2019un point de vue didactique.<\/p>\n<p>Le parcours <strong>Les Alpes des Enfants<\/strong> <span>propose un parcours \u00e9ducatif de sensibilisation consacr\u00e9 aux effets de plus en plus visibles du changement climatique sur les \u00e9cosyst\u00e8mes alpins<\/span> ; les <strong>Prisons<\/strong> proposent des approfondissements historiques.<\/p>\n<p>L\u2019offre est enrichie par le <strong>Mus\u00e9e des Fortifications et des Fronti\u00e8res<\/strong>. Les groupes scolaires peuvent \u00e9galement choisir une visite guid\u00e9e du complexe monumental, en combinaison avec les mus\u00e9es permanents. Des activit\u00e9s pour les \u00e9coles sont \u00e9galement disponibles, qui pr\u00e9voient la d\u00e9couverte d\u2019expositions d\u2019art et de photographie et une phase successive de production en atelier.<br \/>Les activit\u00e9s sont disponibles du mardi au vendredi, matin et apr\u00e8s-midi.<br \/>Les parcours p\u00e9dagogiques, les objectifs, la dur\u00e9e de la visite et les activit\u00e9s d\u2019atelier sont modul\u00e9s en fonction de l\u2019\u00e2ge des \u00e9tudiants el des exigences des enseignants des diff\u00e9rentes classes.<\/p>\n<\/div>\n<div>\n<h3><strong>Ateliers didactiques en langue fran\u00e7aise<\/strong><\/h3>\n<\/p>\n<\/div>\n<p><p>\n        <a href=\"https:\/\/www.fortedibard.it\/wp-content\/uploads\/2026\/04\/FdB-Didattica-2026-FR.pdf\">Les ateliers p\u00e9dagogiques<\/a>\n    <\/p>\n<\/p>\n<ul>\n<li>\n<p>        <img decoding=\"async\" src=\"\/wp-content\/uploads\/2025\/08\/600x400_didattica.jpg\" alt=\"\"><\/p>\n<\/li>\n<li>\n<p>        <img decoding=\"async\" src=\"\/wp-content\/uploads\/2025\/08\/600x400-gruppi.jpg\" alt=\"\"><\/p>\n<h3>600&#215;400-gruppi<\/h3>\n<\/li>\n<li>\n<p>        <img decoding=\"async\" src=\"\/wp-content\/uploads\/2025\/08\/ForteDiBard-Gallery3.jpg\" alt=\"\"><\/p>\n<\/li>\n<\/ul>\n<h2><strong>Programmes pour groupes<\/strong><\/h2>\n<div>\n<p>Choisissez entre les diff\u00e9rentes possibilit\u00e9s de visites guid\u00e9es pour groupes : le Fort, les expositions et les mus\u00e9es.<br \/><a href=\"\/wp-content\/uploads\/2025\/10\/FdB-Programmi-visite-Gruppi-FRA-2024.pdf\"><strong>Programmes pour les groupes<\/strong><\/a><\/p>\n<p><strong>R\u00c9SERVATIONS<br \/><\/strong>Du lundi au vendredi de 9h00 \u00e0 13h00 et de 14h00 \u00e0 17h00 au num\u00e9ro +39 0125 833811<br \/><strong><a href=\"mailto:prenotazioni@fortedibard.it\">prenotazioni@fortedibard.it<\/a><\/strong><\/p>\n<p><strong>DEPOT DES SACS<br \/><\/strong>En cas de grande affluence de visiteurs, le d\u00e9p\u00f4t des sacs \u00e0 dos dans des espaces convenables \u00e0 l\u2019int\u00e9rieur du Fort pourrait ne pas \u00eatre assur\u00e9.<\/p>\n<\/div>\n<p><!--more--><br \/>\n<!-- {\"type\":\"layout\",\"children\":[{\"name\":\"Hero\",\"type\":\"section\",\"props\":{\"height\":\"viewport\",\"height_viewport\":60,\"image\":\"wp-content\/uploads\/2025\/08\/testata-didattica.jpg\",\"image_position\":\"center-center\",\"image_size\":\"cover\",\"padding_top\":\"none\",\"style\":\"default\",\"title_breakpoint\":\"xl\",\"title_position\":\"top-left\",\"title_rotation\":\"left\",\"vertical_align\":\"\",\"width\":\"\"},\"children\":[{\"type\":\"row\",\"children\":[{\"type\":\"column\",\"props\":{\"image_position\":\"center-center\",\"position_sticky_breakpoint\":\"m\",\"width_medium\":\"1-1\"}}]}]},{\"name\":\"Didattica\",\"type\":\"section\",\"props\":{\"image_position\":\"center-center\",\"style\":\"default\",\"title_breakpoint\":\"xl\",\"title_position\":\"top-left\",\"title_rotation\":\"left\",\"vertical_align\":\"\",\"width\":\"expand\"},\"children\":[{\"type\":\"row\",\"children\":[{\"type\":\"column\",\"props\":{\"image_position\":\"center-center\",\"position_sticky_breakpoint\":\"m\",\"width_medium\":\"1-1\"},\"children\":[{\"type\":\"text\",\"props\":{\"column_breakpoint\":\"m\",\"content\":\"\n\n[seopress_breadcrumbs]\n\n\",\"css\":\".breadcrumb li span {\\nfont-weight: 300;\\n}\",\"margin_bottom\":\"default\",\"margin_top\":\"default\",\"text_style\":\"small\"},\"name\":\"BREADCRUMBS - SeoPress\"},{\"type\":\"headline\",\"props\":{\"animation\":\"none\",\"content\":\"<strong>DIDACTIQUE. <\/strong>Le Fort de Bard et l'\u00e9cole\",\"image_align\":\"left\",\"image_margin\":\"xsmall\",\"margin_bottom\":\"small\",\"margin_top\":\"small\",\"parallax_breakpoint\":\"m\",\"parallax_easing\":\"1\",\"parallax_end\":\"60vh + 60%\",\"parallax_opacity\":\"0.3,1\",\"parallax_y\":\"30,0\",\"title_element\":\"h1\",\"title_style\":\"h1\"},\"name\":\"DIDATTICA. Il forte di bard e la Scuola\"},{\"type\":\"text\",\"props\":{\"animation\":\"none\",\"column_breakpoint\":\"m\",\"column_divider\":false,\"content\":\"\n\n<p>Le principal p\u00f4le culturel et touristique de la Vall\u00e9e d\u2019Aoste propose aux \u00e9coles une offre large et diversifi\u00e9e d\u2019activit\u00e9s didactiques, cr\u00e9\u00e9es en fonction du niveau scolaire et de l\u2019\u00e2ge des \u00e9tudiants. <strong>Le Mus\u00e9e des Alpes repr\u00e9sente le c\u0153ur de l\u2019offre culturelle<\/strong> : il s\u2019agit d\u2019un voyage \u00e0 la d\u00e9couverte de l\u2019univers alpin, qui se pr\u00eate \u00e0 de multiples d\u00e9veloppements d\u2019un point de vue didactique.<\/p>\n\n\\n\n\n<p>Le parcours <strong>Les Alpes des Enfants<\/strong> <span>propose un parcours \u00e9ducatif de sensibilisation consacr\u00e9 aux effets de plus en plus visibles du changement climatique sur les \u00e9cosyst\u00e8mes alpins<\/span> ; les <strong>Prisons<\/strong> proposent des approfondissements historiques.<\/p>\n\n\\n\n\n<p>L\u2019offre est enrichie par le <strong>Mus\u00e9e des Fortifications et des Fronti\u00e8res<\/strong>. Les groupes scolaires peuvent \u00e9galement choisir une visite guid\u00e9e du complexe monumental, en combinaison avec les mus\u00e9es permanents. Des activit\u00e9s pour les \u00e9coles sont \u00e9galement disponibles, qui pr\u00e9voient la d\u00e9couverte d\u2019expositions d\u2019art et de photographie et une phase successive de production en atelier.<br \/>Les activit\u00e9s sont disponibles du mardi au vendredi, matin et apr\u00e8s-midi.<br \/>Les parcours p\u00e9dagogiques, les objectifs, la dur\u00e9e de la visite et les activit\u00e9s d\u2019atelier sont modul\u00e9s en fonction de l\u2019\u00e2ge des \u00e9tudiants el des exigences des enseignants des diff\u00e9rentes classes.<\/p>\n\n\",\"margin_bottom\":\"remove\",\"margin_top\":\"large\"}},{\"type\":\"text\",\"props\":{\"animation\":\"none\",\"column_breakpoint\":\"m\",\"column_divider\":false,\"content\":\"\n\n<h3><strong>Ateliers didactiques en langue fran\u00e7aise<\/strong><\/h3>\n\n\\n\n\n\n\n\",\"margin_bottom\":\"remove\",\"margin_top\":\"large\"}},{\"type\":\"button\",\"props\":{\"grid_column_gap\":\"small\",\"grid_row_gap\":\"small\",\"margin_bottom\":\"default\",\"margin_top\":\"default\"},\"children\":[{\"type\":\"button_item\",\"props\":{\"button_style\":\"default\",\"content\":\"Les ateliers p\u00e9dagogiques\",\"dialog_layout\":\"modal\",\"dialog_offcanvas_flip\":true,\"icon_align\":\"left\",\"link\":\"https:\/\/www.fortedibard.it\/wp-content\/uploads\/2026\/04\/FdB-Didattica-2026-FR.pdf\"}}]},{\"type\":\"gallery\",\"props\":{\"filter_align\":\"left\",\"filter_all\":true,\"filter_grid_breakpoint\":\"m\",\"filter_grid_width\":\"auto\",\"filter_position\":\"top\",\"filter_style\":\"tab\",\"grid_default\":\"1\",\"grid_medium\":\"3\",\"image_height\":400,\"image_width\":500,\"item_animation\":true,\"lightbox_bg_close\":true,\"link_style\":\"default\",\"link_text\":\"Read more\",\"margin_bottom\":\"default\",\"margin_top\":\"default\",\"meta_align\":\"below-title\",\"meta_element\":\"div\",\"meta_style\":\"text-meta\",\"overlay_hover\":false,\"overlay_mode\":\"caption\",\"overlay_position\":\"center\",\"overlay_style\":\"overlay-primary\",\"overlay_transition\":\"fade\",\"show_content\":false,\"show_hover_image\":true,\"show_hover_video\":true,\"show_link\":false,\"show_meta\":false,\"show_title\":false,\"text_align\":\"center\",\"text_color\":\"light\",\"title_element\":\"h3\",\"title_hover_style\":\"reset\"},\"children\":[{\"type\":\"gallery_item\",\"props\":{\"image\":\"wp-content\/uploads\/2025\/08\/600x400_didattica.jpg\"}},{\"type\":\"gallery_item\",\"props\":{\"image\":\"wp-content\/uploads\/2025\/08\/600x400-gruppi.jpg\",\"title\":\"600x400-gruppi\"}},{\"type\":\"gallery_item\",\"props\":{\"image\":\"wp-content\/uploads\/2025\/08\/ForteDiBard-Gallery3.jpg\"}}]},{\"type\":\"headline\",\"props\":{\"content\":\"<strong>Programmes pour groupes<\/strong>\",\"image_align\":\"left\",\"image_margin\":\"xsmall\",\"title_element\":\"h2\",\"title_style\":\"h2\"},\"name\":\"Visite guidate\"},{\"type\":\"text\",\"props\":{\"animation\":\"none\",\"column_breakpoint\":\"m\",\"column_divider\":false,\"content\":\"\n\n<p>Choisissez entre les diff\u00e9rentes possibilit\u00e9s de visites guid\u00e9es pour groupes : le Fort, les expositions et les mus\u00e9es.<br \/><a href=\\\"\/wp-content\/uploads\/2025\/10\/FdB-Programmi-visite-Gruppi-FRA-2024.pdf\\\"><strong>Programmes pour les groupes<\/strong><\/a><\/p>\n\n\\n\n\n<p><strong>R\u00c9SERVATIONS<br \/><\/strong>Du lundi au vendredi de 9h00 \u00e0 13h00 et de 14h00 \u00e0 17h00 au num\u00e9ro +39 0125 833811<br \/><strong><a href=\\\"mailto:prenotazioni@fortedibard.it\\\">prenotazioni@fortedibard.it<\/a><\/strong><\/p>\n\n\\n\n\n<p><strong>DEPOT DES SACS<br \/><\/strong>En cas de grande affluence de visiteurs, le d\u00e9p\u00f4t des sacs \u00e0 dos dans des espaces convenables \u00e0 l\u2019int\u00e9rieur du Fort pourrait ne pas \u00eatre assur\u00e9.<\/p>\n\n\",\"margin_bottom\":\"large\",\"margin_top\":\"remove\"}}]}]}]}],\"version\":\"5.0.28\",\"yooessentialsVersion\":\"3.0.4\"} --><\/p>\n","protected":false},"excerpt":{"rendered":"<p>DIDACTIQUE. Le Fort de Bard et l&rsquo;\u00e9cole Le principal p\u00f4le culturel et touristique de la Vall\u00e9e d\u2019Aoste propose aux \u00e9coles une offre large et diversifi\u00e9e d\u2019activit\u00e9s didactiques, cr\u00e9\u00e9es en fonction [&hellip;]<\/p>\n","protected":false},"author":1,"featured_media":0,"parent":0,"menu_order":0,"comment_status":"closed","ping_status":"closed","template":"","meta":{"_acf_changed":false,"_seopress_robots_primary_cat":"","_seopress_titles_title":"Didactique | Forte di Bard \u2013 Parcours scolaires et ateliers","_seopress_titles_desc":"Offre didactique du Forte di Bard : ateliers, visites scolaires et parcours th\u00e9matiques pour enfants et jeunes. Programmes, tarifs et r\u00e9servation.","_seopress_robots_index":"","footnotes":""},"class_list":["post-5261","page","type-page","status-publish","hentry"],"acf":[],"publishpress_future_workflow_manual_trigger":{"enabledWorkflows":[]},"_links":{"self":[{"href":"https:\/\/www.fortedibard.it\/fr\/wp-json\/wp\/v2\/pages\/5261","targetHints":{"allow":["GET"]}}],"collection":[{"href":"https:\/\/www.fortedibard.it\/fr\/wp-json\/wp\/v2\/pages"}],"about":[{"href":"https:\/\/www.fortedibard.it\/fr\/wp-json\/wp\/v2\/types\/page"}],"author":[{"embeddable":true,"href":"https:\/\/www.fortedibard.it\/fr\/wp-json\/wp\/v2\/users\/1"}],"replies":[{"embeddable":true,"href":"https:\/\/www.fortedibard.it\/fr\/wp-json\/wp\/v2\/comments?post=5261"}],"version-history":[{"count":10,"href":"https:\/\/www.fortedibard.it\/fr\/wp-json\/wp\/v2\/pages\/5261\/revisions"}],"predecessor-version":[{"id":7870,"href":"https:\/\/www.fortedibard.it\/fr\/wp-json\/wp\/v2\/pages\/5261\/revisions\/7870"}],"wp:attachment":[{"href":"https:\/\/www.fortedibard.it\/fr\/wp-json\/wp\/v2\/media?parent=5261"}],"curies":[{"name":"wp","href":"https:\/\/api.w.org\/{rel}","templated":true}]}}