{"id":5208,"date":"2025-08-20T09:10:47","date_gmt":"2025-08-20T07:10:47","guid":{"rendered":"https:\/\/www.fortedibard.it\/convenzioni\/"},"modified":"2025-10-30T09:33:29","modified_gmt":"2025-10-30T08:33:29","slug":"conventions","status":"publish","type":"page","link":"https:\/\/www.fortedibard.it\/fr\/conventions\/","title":{"rendered":"Conventions"},"content":{"rendered":"<div>\n<nav  aria-label=\"breadcrumb\"><ol class=\"breadcrumb\" itemscope itemtype=\"https:\/\/schema.org\/BreadcrumbList\"><li class=\"breadcrumb-item active\" aria-current=\"page\" itemprop=\"itemListElement\" itemscope itemtype=\"https:\/\/schema.org\/ListItem\"><span itemprop=\"name\">Home<\/span><meta itemprop=\"position\" content=\"1\"><\/li><\/ol><\/nav>\n<\/div>\n<h1><strong>CONVENTIONS<\/strong><\/h1>\n<h2>Mav, Mus\u00e9e de l\u2019Artisanat Vald\u00f4tain<\/h2>\n<div>\n<p>Les visiteurs qui se pr\u00e9senteront aux caisses du Fort avec un billet d\u2019acc\u00e8s du Mav auront droit au tarif r\u00e9duit aux espaces expositifs de la forteresse, permanents ou temporaires, disponibles au moment de la visite. Les visiteurs qui se pr\u00e9senteront aux caisses du Mav avec l\u2019entr\u00e9e d\u2019un des espaces expositifs du Fort auront droit au tarif r\u00e9duit pour la visite du Mus\u00e9e.<\/p>\n<p><a href=\"http:\/\/www.lartisana.vda.it\/homepage.asp?l=1\" target=\"_blank\" rel=\"noopener\">www.lartisana.vda.it<\/a><\/p>\n<\/div>\n<h2>Abonnement Mus\u00e9e Turin<\/h2>\n<div>La convention permet \u00e0 tous les titulaires de l\u2019Abonnement Mus\u00e9es Turin Pi\u00e9mont (Carte Annuelle Abonnement Mus\u00e9es Turin Pi\u00e9mont) d\u2019acc\u00e9der gratuitement aux mus\u00e9es et aux expositions du Fort de Bard. Les cartes sont \u00e9troitement personnelles et non-transferables. Leur utilisation est sujette aux r\u00e8gles impos\u00e9es par l\u2019Association Torino Citt\u00e0 Capitale Europea.<\/div>\n<h2><strong>FAI &#8211; Fondo Ambiente Italiano<\/strong><\/h2>\n<div>La convention pr\u00e9voit, pour tous ceux qui se pr\u00e9sentent au guichet du Fort avec la carte Fai, l\u2019application du tarif r\u00e9duit sur le prix du ticket d\u2019entr\u00e9e aux espaces d\u2019exposition \u00e0 l\u2019interieur du p\u00f4le mus\u00e9al.\n<\/div>\n<h2>Icom \u2013 International Council of Museum Italie<br \/>\n<\/h2>\n<div>R\u00e9duction du ticket d\u2019entr\u00e9e aux expositions et aux mus\u00e9es \u00e0 tous ceux qui se pr\u00e9sentent aux guichets du Fort avec la carte Icom.<\/div>\n<h2>Assessorat \u00e0 la Culture R\u00e9gion autonome Vall\u00e9e d\u2019Aoste<\/h2>\n<div>\n<p><span>Les visiteurs du Fort de Bard qu\u2019ils conservent le ticket d\u2019entr\u00e9e \u00e0 une des expositions, ils auront droit au tarif r\u00e9duit \u00e0 un des biens culturels et lieux d\u2019exposition de la Vall\u00e9e d\u2019Aoste:<\/span><br \/><span>Ch\u00e2teau de Verr\u00e8s<\/span><br \/><span>Ch\u00e2teau de F\u00e9nis<\/span><br \/><span>Ch\u00e2teau de Issogne<\/span><br \/><span>Ch\u00e2teau Sarriod de La Tour, Saint-Pierre<\/span><br \/><span>Ch\u00e2teau de Sarre<\/span><br \/><span>Ch\u00e2teau Savoie, Gressoney-Saint-Jean<\/span><br \/><span>Ch\u00e2teau Gamba, Ch\u00e2tillon<\/span><br \/><span>Th\u00e9\u00e2tre Romain, Aoste<\/span><br \/><span>Forum et Cryptoportique, Aoste<\/span><br \/><span>\u00c9glise Saint Laurent, Aoste<\/span><br \/><span>Site m\u00e9galithique de Saint-Martin-de-Corl\u00e9ans, Aoste<\/span><br \/><span>Mus\u00e9e Arch\u00e9ologique, Aoste<\/span><br \/><span>Centre Saint B\u00e9nin, Aoste<\/span><br \/><span>Pont d\u2019Ael, Aymavilles<\/span><br \/><span>\u00c9galement, le Fort de Bard reconna\u00eet le ticket r\u00e9duit \u00e0 ses espaces \u00e0 tous ceux qui se pr\u00e9sentent avec le titre d\u2019entr\u00e9e d\u2019un des sites presents en liste.<\/span><\/p>\n<\/div>\n<h2>Trenitalia<\/h2>\n<div>Avec le ticket de course simple avec d\u00e9part ou arriv\u00e9e \u00e0 la gare de Hone Bard ou l\u2019abonnement ferroviaire, hebdomadaire ou mensuel, il est possible visiter gratuitement une exposition ou un mus\u00e9e et obtenir des tickets r\u00e9duits pour toutes les zones d\u2019expositions. La promotion est valable en achetant l\u2019entr\u00e9e \u00e0 au moins deux espaces d\u2019exposition.<\/div>\n<h2>Skyway Mont Blanc<\/h2>\n<div>Avec le ticket de la t\u00e9l\u00e9ph\u00e9rique Skyway du Mont Blanc, on a droit \u00e0 un tarif r\u00e9duit: une r\u00e9duction de 5\u20ac pour l\u2019entr\u00e9e au Mus\u00e9e des Alpes ou au Mus\u00e9e des Fortifications et des Fronti\u00e8res ou \u00e0 une des expositions temporaires. Avec le ticket d\u2019entr\u00e9e \u00e0 l\u2019un des espaces du Fort on peut profiter d\u2019une reduction du 10% sur le ticket Skyway.<\/div>\n<h2><strong>Touring Club Italiano<\/strong><\/h2>\n<div>Acc\u00e8s aux expositions et aux mus\u00e9es \u00e0 tarif r\u00e9duit. Pour b\u00e9n\u00e9ficier des r\u00e9ductions, il suffit de presenter la carte TCI aux guichets.<\/div>\n<h2>Vicolungo The Style Outlets<\/h2>\n<div>En pr\u00e9sentant \u00e0 l\u2019Info Point de Vicolungo The Style Outlets (Novara) le ticket d\u2019entr\u00e9e \u00e0 l\u2019une des zones d\u2019expositions de la forteresse, les visiteurs pourront retirer la carte de shopping, qui leur donnera droit \u00e0 des r\u00e9ductions suppl\u00e9mentaires de 10% dans un nombre consid\u00e9rable des magasins de l\u2019Outlet. Tous les clients de Vicolungo The Style Outlet avec le special coupon \u2013 qui peut \u00eatre retir\u00e9 \u00e0 l\u2019Info Point Outlet \u2013 auront droit \u00e0 une r\u00e9duction sur le ticket d\u2019entr\u00e9e pour tous les espaces expositifs du Fort et le 10% de r\u00e9duction sur les achats au Bookshop.<\/div>\n<h2>Soci\u00e9t\u00e9 Italienne Tunnel du Grand Saint-Bernard<br \/>\n<\/h2>\n<div>\n<p>Initiative de parternariat commercial entre l\u2019Association Fort de Bard et la Soci\u00e9t\u00e9 Italienne Tunnel du Grand Saint-Bernard. Pr\u00e9sentant le billet \u201ccourse simple\u201d du Tunnel du Grand Saint-Bernard et le billet d\u2019entr\u00e9e aux espaces espositifs du Fort de Bard, l\u2019usager direct en Suisse aura le droit au retour gratuit s\u2019il l\u2019utilisera dans les 3 jours suivant \u00e0 partir de la date d\u2019achat. La promotion est valable seulement pour les autos.<\/p>\n<p><a href=\"http:\/\/www.letunnel.com\/homepage.asp?l=1\"><strong>letunnel.com<\/strong><\/a><\/p>\n<\/div>\n<p><!--more--><br \/>\n<!-- {\"type\":\"layout\",\"children\":[{\"name\":\"Sezione principale\",\"type\":\"section\",\"props\":{\"image_position\":\"center-center\",\"padding_remove_bottom\":false,\"style\":\"default\",\"title_breakpoint\":\"xl\",\"title_position\":\"top-left\",\"title_rotation\":\"left\",\"vertical_align\":\"\",\"width\":\"expand\"},\"children\":[{\"type\":\"row\",\"children\":[{\"type\":\"column\",\"props\":{\"image_position\":\"center-center\",\"position_sticky_breakpoint\":\"m\",\"width_medium\":\"1-1\"},\"children\":[{\"type\":\"text\",\"props\":{\"column_breakpoint\":\"m\",\"content\":\"\n\n<p>[seopress_breadcrumbs]<\\\/p>\",\"css\":\".breadcrumb li span {\\nfont-weight: 300;\\n}\",\"margin\":\"default\",\"text_style\":\"small\"},\"name\":\"BREADCRUMBS - SeoPress\"},{\"type\":\"headline\",\"props\":{\"animation\":\"none\",\"content\":\"<strong>CONVENTIONS<\\\/strong>\",\"margin\":\"small\",\"margin_remove_top\":false,\"parallax_breakpoint\":\"m\",\"parallax_easing\":\"1\",\"parallax_end\":\"60vh + 60%\",\"parallax_opacity\":\"0.3,1\",\"parallax_y\":\"30,0\",\"title_element\":\"h1\",\"title_style\":\"h1\"}}]}]},{\"type\":\"row\",\"children\":[{\"type\":\"column\",\"props\":{\"image_position\":\"center-center\",\"position_sticky_breakpoint\":\"m\"},\"children\":[{\"type\":\"headline\",\"props\":{\"content\":\"Mav, Mus\\u00e9e de l\\u2019Artisanat Vald\\u00f4tain\",\"title_element\":\"h2\",\"title_style\":\"h3\"},\"name\":\"Museo Artigianato Valdostano\"},{\"type\":\"text\",\"props\":{\"animation\":\"none\",\"column_breakpoint\":\"m\",\"column_divider\":false,\"content\":\"\n\n<p>Les visiteurs qui se pr\\u00e9senteront aux caisses du Fort avec un billet d\\u2019acc\\u00e8s du Mav auront droit au tarif r\\u00e9duit aux espaces expositifs de la forteresse, permanents ou temporaires, disponibles au moment de la visite. Les visiteurs qui se pr\\u00e9senteront aux caisses du Mav avec l\\u2019entr\\u00e9e d\\u2019un des espaces expositifs du Fort auront droit au tarif r\\u00e9duit pour la visite du Mus\\u00e9e.<\\\/p>\\n\n\n<p><a href=\\\"http:\\\/\\\/www.lartisana.vda.it\\\/homepage.asp?l=1\\\" target=\\\"_blank\\\" rel=\\\"noopener\\\">www.lartisana.vda.it<\\\/a><\\\/p>\",\"margin\":\"default\"}}]}],\"props\":{\"margin\":\"default\"}},{\"type\":\"row\",\"children\":[{\"type\":\"column\",\"props\":{\"image_position\":\"center-center\",\"position_sticky_breakpoint\":\"m\"},\"children\":[{\"type\":\"headline\",\"props\":{\"content\":\"Abonnement Mus\\u00e9e Turin\",\"title_element\":\"h2\",\"title_style\":\"h3\"}},{\"type\":\"text\",\"props\":{\"animation\":\"none\",\"column_breakpoint\":\"m\",\"column_divider\":false,\"content\":\"La convention permet \\u00e0 tous les titulaires de l\\u2019Abonnement Mus\\u00e9es Turin Pi\\u00e9mont (Carte Annuelle Abonnement Mus\\u00e9es Turin Pi\\u00e9mont) d\\u2019acc\\u00e9der gratuitement aux mus\\u00e9es et aux expositions du Fort de Bard. Les cartes sont \\u00e9troitement personnelles et non-transferables. Leur utilisation est sujette aux r\\u00e8gles impos\\u00e9es par l\\u2019Association Torino Citt\\u00e0 Capitale Europea.\",\"margin\":\"default\"}}]}]},{\"type\":\"row\",\"children\":[{\"type\":\"column\",\"props\":{\"image_position\":\"center-center\",\"position_sticky_breakpoint\":\"m\"},\"children\":[{\"type\":\"headline\",\"props\":{\"content\":\"<strong>FAI - Fondo Ambiente Italiano<\\\/strong>\",\"title_element\":\"h2\",\"title_style\":\"h3\"}},{\"type\":\"text\",\"props\":{\"animation\":\"none\",\"column_breakpoint\":\"m\",\"column_divider\":false,\"content\":\"La convention pr\\u00e9voit, pour tous ceux qui se pr\\u00e9sentent au guichet du Fort avec la carte Fai, l\\u2019application du tarif r\\u00e9duit sur le prix du ticket d\\u2019entr\\u00e9e aux espaces d\\u2019exposition \\u00e0 l\\u2019interieur du p\\u00f4le mus\\u00e9al.\\n\",\"margin\":\"default\"}}]}]},{\"type\":\"row\",\"children\":[{\"type\":\"column\",\"props\":{\"image_position\":\"center-center\",\"position_sticky_breakpoint\":\"m\"},\"children\":[{\"type\":\"headline\",\"props\":{\"content\":\"Icom \\u2013 International Council of Museum Italie\\n\",\"title_element\":\"h2\",\"title_style\":\"h3\"},\"name\":\"Icom \\u2013 International Council of Museum Italie\"},{\"type\":\"text\",\"props\":{\"animation\":\"none\",\"column_breakpoint\":\"m\",\"column_divider\":false,\"content\":\"R\\u00e9duction du ticket d\\u2019entr\\u00e9e aux expositions et aux mus\\u00e9es \\u00e0 tous ceux qui se pr\\u00e9sentent aux guichets du Fort avec la carte Icom.\",\"margin\":\"default\"}}]}]},{\"type\":\"row\",\"children\":[{\"type\":\"column\",\"props\":{\"image_position\":\"center-center\",\"position_sticky_breakpoint\":\"m\"},\"children\":[{\"type\":\"headline\",\"props\":{\"content\":\"Assessorat \\u00e0 la Culture R\\u00e9gion autonome Vall\\u00e9e d\\u2019Aoste\",\"title_element\":\"h2\",\"title_style\":\"h3\"},\"name\":\"Assessorato alla Cultura Regione autonoma Valle d\\u2019Aosta\"},{\"type\":\"text\",\"props\":{\"animation\":\"none\",\"column_breakpoint\":\"m\",\"column_divider\":false,\"content\":\"\n\n<p><span>Les visiteurs du Fort de Bard qu\\u2019ils conservent le ticket d\\u2019entr\\u00e9e \\u00e0 une des expositions, ils auront droit au tarif r\\u00e9duit \\u00e0 un des biens culturels et lieux d\\u2019exposition de la Vall\\u00e9e d\\u2019Aoste:<\\\/span><br \\\/><span>Ch\\u00e2teau de Verr\\u00e8s<\\\/span><br \\\/><span>Ch\\u00e2teau de F\\u00e9nis<\\\/span><br \\\/><span>Ch\\u00e2teau de Issogne<\\\/span><br \\\/><span>Ch\\u00e2teau Sarriod de La Tour, Saint-Pierre<\\\/span><br \\\/><span>Ch\\u00e2teau de Sarre<\\\/span><br \\\/><span>Ch\\u00e2teau Savoie, Gressoney-Saint-Jean<\\\/span><br \\\/><span>Ch\\u00e2teau Gamba, Ch\\u00e2tillon<\\\/span><br \\\/><span>Th\\u00e9\\u00e2tre Romain, Aoste<\\\/span><br \\\/><span>Forum et Cryptoportique, Aoste<\\\/span><br \\\/><span>\\u00c9glise Saint Laurent, Aoste<\\\/span><br \\\/><span>Site m\\u00e9galithique de Saint-Martin-de-Corl\\u00e9ans, Aoste<\\\/span><br \\\/><span>Mus\\u00e9e Arch\\u00e9ologique, Aoste<\\\/span><br \\\/><span>Centre Saint B\\u00e9nin, Aoste<\\\/span><br \\\/><span>Pont d\\u2019Ael, Aymavilles<\\\/span><br \\\/><span>\\u00c9galement, le Fort de Bard reconna\\u00eet le ticket r\\u00e9duit \\u00e0 ses espaces \\u00e0 tous ceux qui se pr\\u00e9sentent avec le titre d\\u2019entr\\u00e9e d\\u2019un des sites presents en liste.<\\\/span><\\\/p>\",\"margin\":\"default\"}}]}]},{\"type\":\"row\",\"children\":[{\"type\":\"column\",\"props\":{\"image_position\":\"center-center\",\"position_sticky_breakpoint\":\"m\"},\"children\":[{\"type\":\"headline\",\"props\":{\"content\":\"Trenitalia\",\"title_element\":\"h2\",\"title_style\":\"h3\"},\"name\":\"Trenitalia\"},{\"type\":\"text\",\"props\":{\"animation\":\"none\",\"column_breakpoint\":\"m\",\"column_divider\":false,\"content\":\"Avec le ticket de course simple avec d\\u00e9part ou arriv\\u00e9e \\u00e0 la gare de Hone Bard ou l\\u2019abonnement ferroviaire, hebdomadaire ou mensuel, il est possible visiter gratuitement une exposition ou un mus\\u00e9e et obtenir des tickets r\\u00e9duits pour toutes les zones d\\u2019expositions. La promotion est valable en achetant l\\u2019entr\\u00e9e \\u00e0 au moins deux espaces d\\u2019exposition.\",\"margin\":\"default\"}}]}],\"props\":{\"margin\":\"default\"}},{\"type\":\"row\",\"children\":[{\"type\":\"column\",\"props\":{\"image_position\":\"center-center\",\"position_sticky_breakpoint\":\"m\"},\"children\":[{\"type\":\"headline\",\"props\":{\"content\":\"Skyway Mont Blanc\",\"title_element\":\"h2\",\"title_style\":\"h3\"},\"name\":\"Funivie Monte Bianco\"},{\"type\":\"text\",\"props\":{\"animation\":\"none\",\"column_breakpoint\":\"m\",\"column_divider\":false,\"content\":\"Avec le ticket de la t\\u00e9l\\u00e9ph\\u00e9rique Skyway du Mont Blanc, on a droit \\u00e0 un tarif r\\u00e9duit: une r\\u00e9duction de 5\\u20ac pour l\\u2019entr\\u00e9e au Mus\\u00e9e des Alpes ou au Mus\\u00e9e des Fortifications et des Fronti\\u00e8res ou \\u00e0 une des expositions temporaires. Avec le ticket d\\u2019entr\\u00e9e \\u00e0 l\\u2019un des espaces du Fort on peut profiter d\\u2019une reduction du 10% sur le ticket Skyway.\",\"margin\":\"default\"}}]}],\"props\":{\"margin\":\"default\"}},{\"type\":\"row\",\"children\":[{\"type\":\"column\",\"props\":{\"image_position\":\"center-center\",\"position_sticky_breakpoint\":\"m\"},\"children\":[{\"type\":\"headline\",\"props\":{\"content\":\"<strong>Touring Club Italiano<\\\/strong>\",\"title_element\":\"h2\",\"title_style\":\"h3\"},\"name\":\"Touring Club Italiano\"},{\"type\":\"text\",\"props\":{\"animation\":\"none\",\"column_breakpoint\":\"m\",\"column_divider\":false,\"content\":\"Acc\\u00e8s aux expositions et aux mus\\u00e9es \\u00e0 tarif r\\u00e9duit. Pour b\\u00e9n\\u00e9ficier des r\\u00e9ductions, il suffit de presenter la carte TCI aux guichets.\",\"margin\":\"default\"}}]}],\"props\":{\"margin\":\"remove-vertical\"}},{\"type\":\"row\",\"children\":[{\"type\":\"column\",\"props\":{\"image_position\":\"center-center\",\"position_sticky_breakpoint\":\"m\"},\"children\":[{\"type\":\"headline\",\"props\":{\"content\":\"Vicolungo The Style Outlets\",\"title_element\":\"h2\",\"title_style\":\"h3\"},\"name\":\"Vicolungo The Style Outlets\"},{\"type\":\"text\",\"props\":{\"animation\":\"none\",\"column_breakpoint\":\"m\",\"column_divider\":false,\"content\":\"En pr\\u00e9sentant \\u00e0 l\\u2019Info Point de Vicolungo The Style Outlets (Novara) le ticket d\\u2019entr\\u00e9e \\u00e0 l\\u2019une des zones d\\u2019expositions de la forteresse, les visiteurs pourront retirer la carte de shopping, qui leur donnera droit \\u00e0 des r\\u00e9ductions suppl\\u00e9mentaires de 10% dans un nombre consid\\u00e9rable des magasins de l\\u2019Outlet. Tous les clients de Vicolungo The Style Outlet avec le special coupon \\u2013 qui peut \\u00eatre retir\\u00e9 \\u00e0 l\\u2019Info Point Outlet \\u2013 auront droit \\u00e0 une r\\u00e9duction sur le ticket d\\u2019entr\\u00e9e pour tous les espaces expositifs du Fort et le 10% de r\\u00e9duction sur les achats au Bookshop.\",\"margin\":\"default\"}}]}],\"props\":{\"margin\":\"default\"}},{\"type\":\"row\",\"children\":[{\"type\":\"column\",\"props\":{\"image_position\":\"center-center\",\"position_sticky_breakpoint\":\"m\"},\"children\":[{\"type\":\"headline\",\"props\":{\"content\":\"Soci\\u00e9t\\u00e9 Italienne Tunnel du Grand Saint-Bernard\\n\",\"title_element\":\"h2\",\"title_style\":\"h3\"},\"name\":\"Soci\\u00e9t\\u00e9 Italienne Tunnel du Grand Saint-Bernard\"},{\"type\":\"text\",\"props\":{\"animation\":\"none\",\"column_breakpoint\":\"m\",\"column_divider\":false,\"content\":\"\n\n<p>Initiative de parternariat commercial entre l\\u2019Association Fort de Bard et la Soci\\u00e9t\\u00e9 Italienne Tunnel du Grand Saint-Bernard. Pr\\u00e9sentant le billet \\u201ccourse simple\\u201d du Tunnel du Grand Saint-Bernard et le billet d\\u2019entr\\u00e9e aux espaces espositifs du Fort de Bard, l\\u2019usager direct en Suisse aura le droit au retour gratuit s\\u2019il l\\u2019utilisera dans les 3 jours suivant \\u00e0 partir de la date d\\u2019achat. La promotion est valable seulement pour les autos.<\\\/p>\\n\n\n<p><a href=\\\"http:\\\/\\\/www.letunnel.com\\\/homepage.asp?l=1\\\"><strong>letunnel.com<\\\/strong><\\\/a><\\\/p>\",\"margin\":\"default\"}}]}],\"props\":{\"margin\":\"default\"}}]}],\"version\":\"4.5.28\",\"yooessentialsVersion\":\"2.4.7\"} --><\/p>\n","protected":false},"excerpt":{"rendered":"<p>CONVENTIONS Mav, Mus\u00e9e de l\u2019Artisanat Vald\u00f4tain Les visiteurs qui se pr\u00e9senteront aux caisses du Fort avec un billet d\u2019acc\u00e8s du Mav auront droit au tarif r\u00e9duit aux espaces expositifs de [&hellip;]<\/p>\n","protected":false},"author":1,"featured_media":0,"parent":0,"menu_order":0,"comment_status":"closed","ping_status":"closed","template":"","meta":{"_acf_changed":false,"_seopress_robots_primary_cat":"","_seopress_titles_title":"Conventions | Forte di Bard \u2013 Partenariats et avantages","_seopress_titles_desc":"D\u00e9couvrez les conventions du Forte di Bard : accords avec institutions, r\u00e9ductions pour groupes et modalit\u00e9s d'acc\u00e8s aux avantages pour les visiteurs.","_seopress_robots_index":"","footnotes":""},"class_list":["post-5208","page","type-page","status-publish","hentry"],"acf":[],"publishpress_future_workflow_manual_trigger":{"enabledWorkflows":[]},"_links":{"self":[{"href":"https:\/\/www.fortedibard.it\/fr\/wp-json\/wp\/v2\/pages\/5208","targetHints":{"allow":["GET"]}}],"collection":[{"href":"https:\/\/www.fortedibard.it\/fr\/wp-json\/wp\/v2\/pages"}],"about":[{"href":"https:\/\/www.fortedibard.it\/fr\/wp-json\/wp\/v2\/types\/page"}],"author":[{"embeddable":true,"href":"https:\/\/www.fortedibard.it\/fr\/wp-json\/wp\/v2\/users\/1"}],"replies":[{"embeddable":true,"href":"https:\/\/www.fortedibard.it\/fr\/wp-json\/wp\/v2\/comments?post=5208"}],"version-history":[{"count":5,"href":"https:\/\/www.fortedibard.it\/fr\/wp-json\/wp\/v2\/pages\/5208\/revisions"}],"predecessor-version":[{"id":5215,"href":"https:\/\/www.fortedibard.it\/fr\/wp-json\/wp\/v2\/pages\/5208\/revisions\/5215"}],"wp:attachment":[{"href":"https:\/\/www.fortedibard.it\/fr\/wp-json\/wp\/v2\/media?parent=5208"}],"curies":[{"name":"wp","href":"https:\/\/api.w.org\/{rel}","templated":true}]}}