{"id":5139,"date":"2025-08-21T09:09:19","date_gmt":"2025-08-21T07:09:19","guid":{"rendered":"https:\/\/www.fortedibard.it\/alcotra\/"},"modified":"2025-10-30T09:28:32","modified_gmt":"2025-10-30T08:28:32","slug":"alcotra","status":"publish","type":"page","link":"https:\/\/www.fortedibard.it\/fr\/alcotra\/","title":{"rendered":"Alcotra"},"content":{"rendered":"<div>\n<nav  aria-label=\"breadcrumb\"><ol class=\"breadcrumb\" itemscope itemtype=\"https:\/\/schema.org\/BreadcrumbList\"><li class=\"breadcrumb-item active\" aria-current=\"page\" itemprop=\"itemListElement\" itemscope itemtype=\"https:\/\/schema.org\/ListItem\"><span itemprop=\"name\">Home<\/span><meta itemprop=\"position\" content=\"1\"><\/li><\/ol><\/nav>\n<\/div>\n<h1><strong>Projets ALCOTRA<\/strong><\/h1>\n<ul>\n<li>\n<p>        <img decoding=\"async\" src=\"\/wp-content\/uploads\/2025\/08\/600x400_transit.jpg\" alt=\"\"><\/p>\n<h3>Projet TransiT<\/h3>\n<p>Pour un tourisme culturel durable<\/p>\n<div>\n<p><span>Le projet TransiT, cofinanc\u00e9 par le\u00a0<\/span><strong>programme de coop\u00e9ration transfrontali\u00e8re Alcotra IT FR<\/strong><span>, vise \u00e0 contribuer \u00e0 la transition des petites destinations touristiques de montagne des mod\u00e8les touristiques traditionnels vers un tourisme culturel durable.<\/span><\/p>\n<\/div>\n<p><a href=\"https:\/\/www.fortedibard.it\/fr\/alcotra\/projet-transit\/\">En savoir plus<\/a><\/p>\n<\/li>\n<li>\n<p>        <img decoding=\"async\" src=\"\/wp-content\/uploads\/2025\/08\/600x400_Dahu.jpg\" alt=\"\"><\/p>\n<h3>Projet Dahu<\/h3>\n<p>D\u00e9veloppement et adaptation des communaut\u00e9s humaines \u00e0 la montagne<\/p>\n<div>\n<p>Le projet DAHU pr\u00e9voit la constitution d\u2019un Comit\u00e9 scientifique transfrontalier m\u00ealant les regards en arch\u00e9ologie, patrimoine, histoire et histoire de l\u2019art.\u00a0<\/p>\n<\/div>\n<p><a href=\"https:\/\/www.fortedibard.it\/fr\/alcotra\/projet-dahu\/\">En savoir plus<\/a><\/p>\n<\/li>\n<\/ul>\n<hr>\n<p><!--more--><br \/>\n<!-- {\"type\":\"layout\",\"children\":[{\"name\":\"Sezione principale\",\"type\":\"section\",\"props\":{\"image_position\":\"center-center\",\"padding_remove_bottom\":false,\"style\":\"default\",\"title_breakpoint\":\"xl\",\"title_position\":\"top-left\",\"title_rotation\":\"left\",\"vertical_align\":\"\",\"width\":\"expand\"},\"children\":[{\"type\":\"row\",\"children\":[{\"type\":\"column\",\"props\":{\"image_position\":\"center-center\",\"position_sticky_breakpoint\":\"m\",\"width_medium\":\"1-1\"},\"children\":[{\"type\":\"text\",\"props\":{\"column_breakpoint\":\"m\",\"content\":\"\n\n<p>[seopress_breadcrumbs]<\\\/p>\",\"css\":\".breadcrumb li span {\\nfont-weight: 300;\\n}\",\"margin\":\"default\",\"text_style\":\"small\"},\"name\":\"BREADCRUMBS - SeoPress\"},{\"type\":\"headline\",\"props\":{\"animation\":\"none\",\"content\":\"<strong>Projets ALCOTRA<\\\/strong>\",\"margin\":\"small\",\"margin_remove_top\":false,\"parallax_breakpoint\":\"m\",\"parallax_easing\":\"1\",\"parallax_end\":\"60vh + 60%\",\"parallax_opacity\":\"0.3,1\",\"parallax_y\":\"30,0\",\"title_element\":\"h1\",\"title_style\":\"h1\"}},{\"type\":\"grid\",\"props\":{\"content_column_breakpoint\":\"m\",\"filter_align\":\"left\",\"filter_all\":true,\"filter_grid_breakpoint\":\"m\",\"filter_grid_width\":\"auto\",\"filter_position\":\"top\",\"filter_style\":\"tab\",\"grid_default\":\"1\",\"grid_medium\":\"3\",\"icon_width\":80,\"image_align\":\"top\",\"image_grid_breakpoint\":\"m\",\"image_grid_width\":\"1-2\",\"image_svg_color\":\"emphasis\",\"item_animation\":true,\"lightbox_bg_close\":true,\"link_fullwidth\":false,\"link_style\":\"primary\",\"link_text\":\"Read more\",\"margin\":\"default\",\"meta_align\":\"below-title\",\"meta_element\":\"div\",\"meta_margin\":\"small\",\"meta_style\":\"text-meta\",\"panel_image_no_padding\":false,\"panel_link\":true,\"panel_padding\":\"small\",\"panel_style\":\"card-default\",\"show_content\":true,\"show_hover_image\":true,\"show_hover_video\":true,\"show_image\":true,\"show_link\":true,\"show_meta\":true,\"show_title\":true,\"show_video\":true,\"title_align\":\"top\",\"title_element\":\"h3\",\"title_grid_breakpoint\":\"m\",\"title_grid_width\":\"1-2\",\"title_hover_style\":\"reset\",\"title_style\":\"h3\"},\"children\":[{\"type\":\"grid_item\",\"props\":{\"content\":\"\n\n<p><span>Le projet TransiT, cofinanc\\u00e9 par le\\u00a0<\\\/span><strong>programme de coop\\u00e9ration transfrontali\\u00e8re Alcotra IT FR<\\\/strong><span>, vise \\u00e0 contribuer \\u00e0 la transition des petites destinations touristiques de montagne des mod\\u00e8les touristiques traditionnels vers un tourisme culturel durable.<\\\/span><\\\/p>\",\"image\":\"wp-content\\\/uploads\\\/2025\\\/08\\\/600x400_transit.jpg\",\"link\":\"fr\\\/alcotra\\\/projet-transit\\\/\",\"link_text\":\"En savoir plus\",\"meta\":\"Pour un tourisme culturel durable\",\"title\":\"Projet TransiT\"}},{\"type\":\"grid_item\",\"props\":{\"content\":\"\n\n<p>Le projet DAHU pr\\u00e9voit la constitution d\\u2019un Comit\\u00e9 scientifique transfrontalier m\\u00ealant les regards en arch\\u00e9ologie, patrimoine, histoire et histoire de l\\u2019art.\\u00a0<\\\/p>\",\"image\":\"wp-content\\\/uploads\\\/2025\\\/08\\\/600x400_Dahu.jpg\",\"link\":\"fr\\\/alcotra\\\/projet-dahu\\\/\",\"link_text\":\"En savoir plus\",\"meta\":\"D\\u00e9veloppement et adaptation des communaut\\u00e9s humaines \\u00e0 la montagne\",\"title\":\"Projet Dahu\"}}]}]}]},{\"type\":\"row\",\"children\":[{\"type\":\"column\",\"props\":{\"image_position\":\"center-center\",\"position_sticky_breakpoint\":\"m\"},\"children\":[{\"type\":\"divider\",\"props\":{\"divider_element\":\"hr\"}}]}]}]}],\"version\":\"4.5.28\",\"yooessentialsVersion\":\"2.4.7\"} --><\/p>\n","protected":false},"excerpt":{"rendered":"<p>Projets ALCOTRA Projet TransiT Pour un tourisme culturel durable Le projet TransiT, cofinanc\u00e9 par le\u00a0programme de coop\u00e9ration transfrontali\u00e8re Alcotra IT FR, vise \u00e0 contribuer \u00e0 la transition des petites destinations [&hellip;]<\/p>\n","protected":false},"author":1,"featured_media":0,"parent":0,"menu_order":0,"comment_status":"closed","ping_status":"closed","template":"","meta":{"_acf_changed":false,"_seopress_robots_primary_cat":"","_seopress_titles_title":"ALCOTRA | Forte di Bard \u2013 Coop\u00e9ration transfrontali\u00e8re Italie\u2013France","_seopress_titles_desc":"D\u00e9couvrez le programme ALCOTRA avec le Forte di Bard : projets, financements et initiatives de coop\u00e9ration transfrontali\u00e8re pour l'innovation, l'environnement et le d\u00e9veloppement durable.","_seopress_robots_index":"","footnotes":""},"class_list":["post-5139","page","type-page","status-publish","hentry"],"acf":[],"publishpress_future_workflow_manual_trigger":{"enabledWorkflows":[]},"_links":{"self":[{"href":"https:\/\/www.fortedibard.it\/fr\/wp-json\/wp\/v2\/pages\/5139","targetHints":{"allow":["GET"]}}],"collection":[{"href":"https:\/\/www.fortedibard.it\/fr\/wp-json\/wp\/v2\/pages"}],"about":[{"href":"https:\/\/www.fortedibard.it\/fr\/wp-json\/wp\/v2\/types\/page"}],"author":[{"embeddable":true,"href":"https:\/\/www.fortedibard.it\/fr\/wp-json\/wp\/v2\/users\/1"}],"replies":[{"embeddable":true,"href":"https:\/\/www.fortedibard.it\/fr\/wp-json\/wp\/v2\/comments?post=5139"}],"version-history":[{"count":3,"href":"https:\/\/www.fortedibard.it\/fr\/wp-json\/wp\/v2\/pages\/5139\/revisions"}],"predecessor-version":[{"id":6375,"href":"https:\/\/www.fortedibard.it\/fr\/wp-json\/wp\/v2\/pages\/5139\/revisions\/6375"}],"wp:attachment":[{"href":"https:\/\/www.fortedibard.it\/fr\/wp-json\/wp\/v2\/media?parent=5139"}],"curies":[{"name":"wp","href":"https:\/\/api.w.org\/{rel}","templated":true}]}}