{"id":5135,"date":"2025-08-21T09:10:15","date_gmt":"2025-08-21T07:10:15","guid":{"rendered":"https:\/\/www.fortedibard.it\/progetto-transit\/"},"modified":"2025-12-23T14:45:14","modified_gmt":"2025-12-23T13:45:14","slug":"projet-transit","status":"publish","type":"page","link":"https:\/\/www.fortedibard.it\/fr\/alcotra\/projet-transit\/","title":{"rendered":"Projet TransiT"},"content":{"rendered":"<div>\n<nav  aria-label=\"breadcrumb\"><ol class=\"breadcrumb\" itemscope itemtype=\"https:\/\/schema.org\/BreadcrumbList\"><li class=\"breadcrumb-item active\" aria-current=\"page\" itemprop=\"itemListElement\" itemscope itemtype=\"https:\/\/schema.org\/ListItem\"><span itemprop=\"name\">Home<\/span><meta itemprop=\"position\" content=\"1\"><\/li><\/ol><\/nav>\n<\/div>\n<h1>Projet <strong>TransiT<\/strong><\/h1>\n<div>\n<p><strong>Le projet TransiT, cofinanc\u00e9 par le Programme de coop\u00e9ration transfrontali\u00e8re Alcotra IT FR, vise \u00e0 accompagner la transition culturelle de trois petites destinations touristiques de montagne : Bard en Vall\u00e9e d&rsquo;Aoste et Aussois et Avrieux en France.<br \/><\/strong><\/p>\n<\/div>\n<p><img decoding=\"async\" src=\"\/wp-content\/uploads\/2025\/08\/600x400_transit.jpg\" alt=\"\"><\/p>\n<div>\n<p><strong>LES ACTIVITES REALISEES ET LES RESULTATS ATTENDUS\u00a0<\/strong><\/p>\n<p>Pour transformer cette offre transfrontali\u00e8re, le projet interviendra sur cinq domaines :\u00a0<\/p>\n<p><b>. Cr\u00e9ation de l&rsquo;offre culturelle \u00e0 d\u00e9couvrir sur plusieurs jours\u00a0<br \/><\/b>Un programme culturel transfrontalier sera mis au point, avec des ateliers th\u00e9matiques sur les arts et l&rsquo;artisanat, des stages de formation, des \u00e9v\u00e9nements, des expositions et des activit\u00e9s sur diff\u00e9rentes disciplines artistiques et artisanales.\u00a0<\/p>\n<p><strong>. Cr\u00e9ation de l&rsquo;infrastructure pour soutenir la nouvelle offre culturelle<\/strong> <br \/>Il s\u2019agira de renouveler et d\u2019\u00e9quiper des espaces o\u00f9 seront propos\u00e9es les nouvelles activit\u00e9s culturelles et pouvoir partager chaque exp\u00e9rience en temps r\u00e9el.\u00a0<\/p>\n<p><strong>. Organisation de la fili\u00e8re touristique <br \/><\/strong>Les entreprises seront accompagn\u00e9es dans l&rsquo;organisation de l&rsquo;offre touristique pour r\u00e9pondre \u00e0 la nouvelle demande de tourisme culturel. <\/p>\n<p><strong>. Promotion et marketing communs <br \/><\/strong>Le lancement sur le march\u00e9 europ\u00e9en de la nouvelle proposition culturelle se fera par le biais d&rsquo;un programme de promotion complet et partag\u00e9 qui pr\u00e9sentera l&rsquo;ensemble de l&rsquo;offre de mani\u00e8re unifi\u00e9e. <\/p>\n<p><strong>. Cr\u00e9ation d&rsquo;une organisation stable de l&rsquo;offre <br \/><\/strong>Le projet veillera tout particuli\u00e8rement \u00e0 consolider la transition en d\u00e9finissant les accords entre les partenaires pour stabiliser la coop\u00e9ration transfrontali\u00e8re.\u00a0<\/p>\n<p><strong>LES PARTENAIRES <br \/><\/strong>Commune de Bard (Chef de file) Associazione Forte di Bard Onlus Mairie d&rsquo;Avrieux Mairie d\u2019Aussois <br \/><strong><br \/><\/strong><\/p>\n<p><strong>LE BUDGET<br \/>Le montant de la contribution \u00e0 l&rsquo;Association Fort de Bard est de 296.250 euro.<\/strong><\/p>\n<table>\n<tbody>\n<tr>\n<td width=\"160\"><strong>\u00a0<\/strong><\/td>\n<td width=\"160\">Budget total<\/td>\n<td width=\"160\">Budget FESR<\/td>\n<td width=\"160\">Contreparties<\/td>\n<\/tr>\n<tr>\n<td width=\"160\">ITALIE<\/td>\n<td width=\"160\">1.461.250 \u20ac<\/td>\n<td width=\"160\">1.169.000 \u20ac<\/td>\n<td width=\"160\">292.250 \u20ac<\/td>\n<\/tr>\n<tr>\n<td width=\"160\">FRANCE<\/td>\n<td width=\"160\">1.403.750 \u20ac<\/td>\n<td width=\"160\">1.123.000 \u20ac<\/td>\n<td width=\"160\">280.750 \u20ac<\/td>\n<\/tr>\n<tr>\n<td width=\"160\">TOTAL<\/td>\n<td width=\"160\">2.865.000\u00a0\u20ac<\/td>\n<td width=\"160\">2.292.000 \u20ac<\/td>\n<td width=\"160\">573.000 \u20ac<\/td>\n<\/tr>\n<\/tbody>\n<\/table>\n<p><strong>\u00a0<\/strong><\/p>\n<\/div>\n<p><!--more--><br \/>\n<!-- {\"type\":\"layout\",\"children\":[{\"name\":\"Sezione principale\",\"type\":\"section\",\"props\":{\"image_position\":\"center-center\",\"padding_remove_bottom\":false,\"style\":\"default\",\"title_breakpoint\":\"xl\",\"title_position\":\"top-left\",\"title_rotation\":\"left\",\"vertical_align\":\"\",\"width\":\"expand\"},\"children\":[{\"type\":\"row\",\"children\":[{\"type\":\"column\",\"props\":{\"image_position\":\"center-center\",\"position_sticky_breakpoint\":\"m\",\"width_medium\":\"1-1\"},\"children\":[{\"type\":\"text\",\"props\":{\"column_breakpoint\":\"m\",\"content\":\"\n\n<p>[seopress_breadcrumbs]<\\\/p>\",\"css\":\".breadcrumb li span {\\nfont-weight: 300;\\n}\",\"margin\":\"default\",\"text_style\":\"small\"},\"name\":\"BREADCRUMBS - SeoPress\"},{\"type\":\"headline\",\"props\":{\"animation\":\"none\",\"content\":\"Projet <strong>TransiT<\\\/strong>\",\"margin\":\"small\",\"margin_remove_top\":false,\"parallax_breakpoint\":\"m\",\"parallax_easing\":\"1\",\"parallax_end\":\"60vh + 60%\",\"parallax_opacity\":\"0.3,1\",\"parallax_y\":\"30,0\",\"title_element\":\"h1\",\"title_style\":\"h1\"}},{\"type\":\"text\",\"props\":{\"animation\":\"none\",\"column_breakpoint\":\"m\",\"column_divider\":false,\"content\":\"\n\n<p><strong>Le projet TransiT, cofinanc\\u00e9 par le Programme de coop\\u00e9ration transfrontali\\u00e8re Alcotra IT FR, vise \\u00e0 accompagner la transition culturelle de trois petites destinations touristiques de montagne : Bard en Vall\\u00e9e d'Aoste et Aussois et Avrieux en France.<br \\\/><\\\/strong><\\\/p>\",\"margin\":\"default\",\"text_style\":\"large\"}},{\"type\":\"image\",\"props\":{\"image\":\"wp-content\\\/uploads\\\/2025\\\/08\\\/600x400_transit.jpg\",\"image_svg_color\":\"emphasis\",\"margin\":\"default\"}},{\"type\":\"text\",\"props\":{\"animation\":\"none\",\"column_breakpoint\":\"m\",\"column_divider\":false,\"content\":\"\n\n<p><strong>LES ACTIVITES REALISEES ET LES RESULTATS ATTENDUS\\u00a0<\\\/strong><\\\/p>\\n\n\n<p>Pour transformer cette offre transfrontali\\u00e8re, le projet interviendra sur cinq domaines :\\u00a0<\\\/p>\\n\n\n<p><b>. Cr\\u00e9ation de l'offre culturelle \\u00e0 d\\u00e9couvrir sur plusieurs jours\\u00a0<br \\\/><\\\/b>Un programme culturel transfrontalier sera mis au point, avec des ateliers th\\u00e9matiques sur les arts et l'artisanat, des stages de formation, des \\u00e9v\\u00e9nements, des expositions et des activit\\u00e9s sur diff\\u00e9rentes disciplines artistiques et artisanales.\\u00a0<\\\/p>\\n\n\n<p><strong>. Cr\\u00e9ation de l'infrastructure pour soutenir la nouvelle offre culturelle<\\\/strong> <br \\\/>Il s\\u2019agira de renouveler et d\\u2019\\u00e9quiper des espaces o\\u00f9 seront propos\\u00e9es les nouvelles activit\\u00e9s culturelles et pouvoir partager chaque exp\\u00e9rience en temps r\\u00e9el.\\u00a0<\\\/p>\\n\n\n<p><strong>. Organisation de la fili\\u00e8re touristique <br \\\/><\\\/strong>Les entreprises seront accompagn\\u00e9es dans l'organisation de l'offre touristique pour r\\u00e9pondre \\u00e0 la nouvelle demande de tourisme culturel. <br \\\/><br \\\/><strong>. Promotion et marketing communs <br \\\/><\\\/strong>Le lancement sur le march\\u00e9 europ\\u00e9en de la nouvelle proposition culturelle se fera par le biais d'un programme de promotion complet et partag\\u00e9 qui pr\\u00e9sentera l'ensemble de l'offre de mani\\u00e8re unifi\\u00e9e. <br \\\/><br \\\/><strong>. Cr\\u00e9ation d'une organisation stable de l'offre <br \\\/><\\\/strong>Le projet veillera tout particuli\\u00e8rement \\u00e0 consolider la transition en d\\u00e9finissant les accords entre les partenaires pour stabiliser la coop\\u00e9ration transfrontali\\u00e8re.\\u00a0<\\\/p>\\n\n\n<p><strong>LES PARTENAIRES <br \\\/><\\\/strong>Commune de Bard (Chef de file) Associazione Forte di Bard Onlus Mairie d'Avrieux Mairie d\\u2019Aussois <br \\\/><strong><br \\\/><\\\/strong><\\\/p>\\n\n\n<p><strong>LE BUDGET<br \\\/>Le montant de la contribution \\u00e0 l'Association Fort de Bard est de 296.250 euro.<\\\/strong><\\\/p>\\n\n\n<table>\\n\n\n<tbody>\\n\n\n<tr>\\n\n\n<td width=\\\"160\\\"><strong>\\u00a0<\\\/strong><\\\/td>\\n\n\n<td width=\\\"160\\\">Budget total<\\\/td>\\n\n\n<td width=\\\"160\\\">Budget FESR<\\\/td>\\n\n\n<td width=\\\"160\\\">Contreparties<\\\/td>\\n<\\\/tr>\\n\n\n<tr>\\n\n\n<td width=\\\"160\\\">ITALIE<\\\/td>\\n\n\n<td width=\\\"160\\\">1.461.250 \\u20ac<\\\/td>\\n\n\n<td width=\\\"160\\\">1.169.000 \\u20ac<\\\/td>\\n\n\n<td width=\\\"160\\\">292.250 \\u20ac<\\\/td>\\n<\\\/tr>\\n\n\n<tr>\\n\n\n<td width=\\\"160\\\">FRANCE<\\\/td>\\n\n\n<td width=\\\"160\\\">1.403.750 \\u20ac<\\\/td>\\n\n\n<td width=\\\"160\\\">1.123.000 \\u20ac<\\\/td>\\n\n\n<td width=\\\"160\\\">280.750 \\u20ac<\\\/td>\\n<\\\/tr>\\n\n\n<tr>\\n\n\n<td width=\\\"160\\\">TOTAL<\\\/td>\\n\n\n<td width=\\\"160\\\">2.865.000\\u00a0\\u20ac<\\\/td>\\n\n\n<td width=\\\"160\\\">2.292.000 \\u20ac<\\\/td>\\n\n\n<td width=\\\"160\\\">573.000 \\u20ac<\\\/td>\\n<\\\/tr>\\n<\\\/tbody>\\n<\\\/table>\\n\n\n<p><strong>\\u00a0<\\\/strong><\\\/p>\",\"margin\":\"default\"}}]}]}]}],\"version\":\"4.5.28\",\"yooessentialsVersion\":\"2.4.10\"} --><\/p>\n","protected":false},"excerpt":{"rendered":"<p>Projet TransiT Le projet TransiT, cofinanc\u00e9 par le Programme de coop\u00e9ration transfrontali\u00e8re Alcotra IT FR, vise \u00e0 accompagner la transition culturelle de trois petites destinations touristiques de montagne : Bard [&hellip;]<\/p>\n","protected":false},"author":1,"featured_media":0,"parent":5139,"menu_order":0,"comment_status":"closed","ping_status":"closed","template":"","meta":{"_acf_changed":false,"_seopress_robots_primary_cat":"","_seopress_titles_title":"Projet TRANSIT | Forte di Bard \u2013 mobilit\u00e9 et logistique","_seopress_titles_desc":"D\u00e9couvrez le projet TRANSIT du Forte di Bard dans le cadre d'ALCOTRA : actions pour une mobilit\u00e9 durable, optimisation logistique et renforcement des connexions transfrontali\u00e8res.","_seopress_robots_index":"","footnotes":""},"class_list":["post-5135","page","type-page","status-publish","hentry"],"acf":[],"publishpress_future_workflow_manual_trigger":{"enabledWorkflows":[]},"_links":{"self":[{"href":"https:\/\/www.fortedibard.it\/fr\/wp-json\/wp\/v2\/pages\/5135","targetHints":{"allow":["GET"]}}],"collection":[{"href":"https:\/\/www.fortedibard.it\/fr\/wp-json\/wp\/v2\/pages"}],"about":[{"href":"https:\/\/www.fortedibard.it\/fr\/wp-json\/wp\/v2\/types\/page"}],"author":[{"embeddable":true,"href":"https:\/\/www.fortedibard.it\/fr\/wp-json\/wp\/v2\/users\/1"}],"replies":[{"embeddable":true,"href":"https:\/\/www.fortedibard.it\/fr\/wp-json\/wp\/v2\/comments?post=5135"}],"version-history":[{"count":4,"href":"https:\/\/www.fortedibard.it\/fr\/wp-json\/wp\/v2\/pages\/5135\/revisions"}],"predecessor-version":[{"id":7109,"href":"https:\/\/www.fortedibard.it\/fr\/wp-json\/wp\/v2\/pages\/5135\/revisions\/7109"}],"up":[{"embeddable":true,"href":"https:\/\/www.fortedibard.it\/fr\/wp-json\/wp\/v2\/pages\/5139"}],"wp:attachment":[{"href":"https:\/\/www.fortedibard.it\/fr\/wp-json\/wp\/v2\/media?parent=5135"}],"curies":[{"name":"wp","href":"https:\/\/api.w.org\/{rel}","templated":true}]}}