{"id":5130,"date":"2025-08-21T09:10:42","date_gmt":"2025-08-21T07:10:42","guid":{"rendered":"https:\/\/www.fortedibard.it\/progetto-dahu\/"},"modified":"2026-01-07T08:50:54","modified_gmt":"2026-01-07T07:50:54","slug":"projet-dahu","status":"publish","type":"page","link":"https:\/\/www.fortedibard.it\/fr\/alcotra\/projet-dahu\/","title":{"rendered":"Projet Dahu"},"content":{"rendered":"<div>\n<nav  aria-label=\"breadcrumb\"><ol class=\"breadcrumb\" itemscope itemtype=\"https:\/\/schema.org\/BreadcrumbList\"><li class=\"breadcrumb-item active\" aria-current=\"page\" itemprop=\"itemListElement\" itemscope itemtype=\"https:\/\/schema.org\/ListItem\"><span itemprop=\"name\">Home<\/span><meta itemprop=\"position\" content=\"1\"><\/li><\/ol><\/nav>\n<\/div>\n<h1>Projet <strong>DAHU<\/strong><\/h1>\n<div>\n<p><strong>Le projet DAHU pr\u00e9voit la constitution d\u2019un Comit\u00e9 scientifique transfrontalier m\u00ealant les regards en arch\u00e9ologie, patrimoine, histoire et histoire de l\u2019art. <\/strong>Ce comit\u00e9 abordera le th\u00e8me des changements climatiques sous cet angle syst\u00e9mique des paysages culturels du pass\u00e9, du pr\u00e9sent et de l\u2019avenir en vue de produire des contenus culturels mettant en lumi\u00e8re la capacit\u00e9 d\u2019adaptation dont a su faire preuve l\u2019Homme au cours des si\u00e8cles sur ce territoire commun.<\/p>\n<\/div>\n<p><img decoding=\"async\" src=\"\/wp-content\/uploads\/2025\/08\/600x400_Dahu.jpg\" alt=\"\"><\/p>\n<div>\n<p>Ce travail se traduira par diff\u00e9rentes typologies de r\u00e9alisations durables \u00e0 destination des publics dont une exposition itin\u00e9rante transfrontali\u00e8re commune qui circulera entre les structures culturelles phares du territoire concern\u00e9 (Fort de Bard, Mus\u00e9e Alpin). Ce dispositif sera compl\u00e9t\u00e9 entre autres par la conception d\u2019un package p\u00e9dagogique \u00e0 destination de la jeunesse pour impliquer d\u2019ores et d\u00e9j\u00e0 les futures g\u00e9n\u00e9rations locales sur la th\u00e9matique majeure des changements climatiques. En parall\u00e8le, le partenariat assumera un cycle dense d\u2019animations pour sensibiliser les populations et proposer des temps de r\u00e9flexions afin de penser le d\u00e9veloppement durable du territoire commun des vall\u00e9es d\u2019altitude de Haute-Savoie et de la Vall\u00e9e d\u2019Aoste.<\/p>\n<p>Des sites seront restaur\u00e9s et r\u00e9am\u00e9nag\u00e9s (Mus\u00e9e Alpin et centre d\u2019Issime) pour renforcer la visibilit\u00e9 et l\u2019accueil des productions culturelles. Ils permettront d\u2019ancrer le sujet sur le territoire dans des lieux qui donneront des cl\u00e9s d\u2019interpr\u00e9tation des paysages culturels.<\/p>\n<p>Le D\u00e9partement de la Haute-Savoie, la Communaut\u00e9 de Communes de la Vall\u00e9e de Chamonix Mont-Blanc, la R\u00e9gion autonome Vall\u00e9e d\u2019Aoste, l\u2019association Fort de Bard et la Commune d\u2019Issime se sont rassembl\u00e9s au sein du projet DAHU. Ils proposent une approche innovante interdisciplinaire visant \u00e0 repositionner la notion de \u00ab changement climatique \u00bb dans son contexte historique et \u00e0 proposer des produits culturels ainsi que des m\u00e9diations sur ce th\u00e8me majeur.<\/p>\n<p><strong>Le projet DAHU a un budget total de 2.997.750,00 \u20ac, cofinanc\u00e9 par l\u2019Union europ\u00e9enne \u00e0 hauteur de 80% (2 398 200,00 \u20ac). Le budget en faveur de l&rsquo;Association Fort de Bard est de 427.500 \u20ac.<\/strong><\/p>\n<\/div>\n<hr>\n<div>\n<p><a href=\"\/wp-content\/uploads\/2025\/08\/DAHU_DP_240119.pdf\"><strong>Dossier de presse 01\/2024<\/strong><\/a><\/p>\n<\/div>\n<p><!--more--><br \/>\n<!-- {\"type\":\"layout\",\"children\":[{\"name\":\"Sezione principale\",\"type\":\"section\",\"props\":{\"image_position\":\"center-center\",\"padding_remove_bottom\":false,\"style\":\"default\",\"title_breakpoint\":\"xl\",\"title_position\":\"top-left\",\"title_rotation\":\"left\",\"vertical_align\":\"\",\"width\":\"expand\"},\"children\":[{\"type\":\"row\",\"children\":[{\"type\":\"column\",\"props\":{\"image_position\":\"center-center\",\"position_sticky_breakpoint\":\"m\",\"width_medium\":\"1-1\"},\"children\":[{\"type\":\"text\",\"props\":{\"column_breakpoint\":\"m\",\"content\":\"\n\n<p>[seopress_breadcrumbs]<\\\/p>\",\"css\":\".breadcrumb li span {\\nfont-weight: 300;\\n}\",\"margin\":\"default\",\"text_style\":\"small\"},\"name\":\"BREADCRUMBS - SeoPress\"},{\"type\":\"headline\",\"props\":{\"animation\":\"none\",\"content\":\"Projet <strong>DAHU<\\\/strong>\",\"margin\":\"small\",\"margin_remove_top\":false,\"parallax_breakpoint\":\"m\",\"parallax_easing\":\"1\",\"parallax_end\":\"60vh + 60%\",\"parallax_opacity\":\"0.3,1\",\"parallax_y\":\"30,0\",\"title_element\":\"h1\",\"title_style\":\"h1\"}},{\"type\":\"text\",\"props\":{\"animation\":\"none\",\"column_breakpoint\":\"m\",\"column_divider\":false,\"content\":\"\n\n<p><strong>Le projet DAHU pr\\u00e9voit la constitution d\\u2019un Comit\\u00e9 scientifique transfrontalier m\\u00ealant les regards en arch\\u00e9ologie, patrimoine, histoire et histoire de l\\u2019art. <\\\/strong>Ce comit\\u00e9 abordera le th\\u00e8me des changements climatiques sous cet angle syst\\u00e9mique des paysages culturels du pass\\u00e9, du pr\\u00e9sent et de l\\u2019avenir en vue de produire des contenus culturels mettant en lumi\\u00e8re la capacit\\u00e9 d\\u2019adaptation dont a su faire preuve l\\u2019Homme au cours des si\\u00e8cles sur ce territoire commun.<\\\/p>\",\"margin\":\"default\",\"text_style\":\"large\"}},{\"type\":\"image\",\"props\":{\"image\":\"wp-content\\\/uploads\\\/2025\\\/08\\\/600x400_Dahu.jpg\",\"image_svg_color\":\"emphasis\",\"margin\":\"remove-vertical\",\"text_align\":\"center\"}},{\"type\":\"text\",\"props\":{\"animation\":\"none\",\"column_breakpoint\":\"m\",\"column_divider\":false,\"content\":\"\n\n<p>Ce travail se traduira par diff\\u00e9rentes typologies de r\\u00e9alisations durables \\u00e0 destination des publics dont une exposition itin\\u00e9rante transfrontali\\u00e8re commune qui circulera entre les structures culturelles phares du territoire concern\\u00e9 (Fort de Bard, Mus\\u00e9e Alpin). Ce dispositif sera compl\\u00e9t\\u00e9 entre autres par la conception d\\u2019un package p\\u00e9dagogique \\u00e0 destination de la jeunesse pour impliquer d\\u2019ores et d\\u00e9j\\u00e0 les futures g\\u00e9n\\u00e9rations locales sur la th\\u00e9matique majeure des changements climatiques. En parall\\u00e8le, le partenariat assumera un cycle dense d\\u2019animations pour sensibiliser les populations et proposer des temps de r\\u00e9flexions afin de penser le d\\u00e9veloppement durable du territoire commun des vall\\u00e9es d\\u2019altitude de Haute-Savoie et de la Vall\\u00e9e d\\u2019Aoste.<\\\/p>\\n\n\n<p>Des sites seront restaur\\u00e9s et r\\u00e9am\\u00e9nag\\u00e9s (Mus\\u00e9e Alpin et centre d\\u2019Issime) pour renforcer la visibilit\\u00e9 et l\\u2019accueil des productions culturelles. Ils permettront d\\u2019ancrer le sujet sur le territoire dans des lieux qui donneront des cl\\u00e9s d\\u2019interpr\\u00e9tation des paysages culturels.<\\\/p>\\n\n\n<p>Le D\\u00e9partement de la Haute-Savoie, la Communaut\\u00e9 de Communes de la Vall\\u00e9e de Chamonix Mont-Blanc, la R\\u00e9gion autonome Vall\\u00e9e d\\u2019Aoste, l\\u2019association Fort de Bard et la Commune d\\u2019Issime se sont rassembl\\u00e9s au sein du projet DAHU. Ils proposent une approche innovante interdisciplinaire visant \\u00e0 repositionner la notion de \\u00ab changement climatique \\u00bb dans son contexte historique et \\u00e0 proposer des produits culturels ainsi que des m\\u00e9diations sur ce th\\u00e8me majeur.<br \\\/><br \\\/><strong>Le projet DAHU a un budget total de 2.997.750,00 \\u20ac, cofinanc\\u00e9 par l\\u2019Union europ\\u00e9enne \\u00e0 hauteur de 80% (2 398 200,00 \\u20ac). Le budget en faveur de l'Association Fort de Bard est de 427.500 \\u20ac.<\\\/strong><\\\/p>\",\"margin\":\"default\"}}]}]},{\"type\":\"row\",\"children\":[{\"type\":\"column\",\"props\":{\"image_position\":\"center-center\",\"position_sticky_breakpoint\":\"m\"},\"children\":[{\"type\":\"divider\",\"props\":{\"divider_element\":\"hr\"}},{\"type\":\"list\",\"props\":{\"column_breakpoint\":\"m\",\"image_align\":\"left\",\"image_svg_color\":\"emphasis\",\"image_vertical_align\":true,\"list_element\":\"ul\",\"list_horizontal_separator\":\", \",\"list_type\":\"vertical\",\"show_image\":true,\"show_link\":true},\"children\":[{\"type\":\"list_item\",\"props\":{\"content\":\"<strong>Dossier de presse 01\\\/2024<\\\/strong>\",\"icon\":\"file-text\",\"link\":\"wp-content\\\/uploads\\\/2025\\\/08\\\/DAHU_DP_240119.pdf\"}}],\"name\":\"List ALLEGATI\"}]}]}]}],\"version\":\"4.5.28\",\"yooessentialsVersion\":\"2.4.10\"} --><\/p>\n","protected":false},"excerpt":{"rendered":"<p>Projet DAHU Le projet DAHU pr\u00e9voit la constitution d\u2019un Comit\u00e9 scientifique transfrontalier m\u00ealant les regards en arch\u00e9ologie, patrimoine, histoire et histoire de l\u2019art. Ce comit\u00e9 abordera le th\u00e8me des changements [&hellip;]<\/p>\n","protected":false},"author":1,"featured_media":0,"parent":5139,"menu_order":0,"comment_status":"closed","ping_status":"closed","template":"","meta":{"_acf_changed":false,"_seopress_robots_primary_cat":"","_seopress_titles_title":"Projet DAHU | Forte di Bard \u2013 Protection de la montagne et de l'environnement","_seopress_titles_desc":"Informations sur le Projet DAHU men\u00e9 par le Forte di Bard dans le cadre d'ALCOTRA : objectifs, partenaires, actions et r\u00e9sultats pour la protection des milieux montagnards.","_seopress_robots_index":"","footnotes":""},"class_list":["post-5130","page","type-page","status-publish","hentry"],"acf":[],"publishpress_future_workflow_manual_trigger":{"enabledWorkflows":[]},"_links":{"self":[{"href":"https:\/\/www.fortedibard.it\/fr\/wp-json\/wp\/v2\/pages\/5130","targetHints":{"allow":["GET"]}}],"collection":[{"href":"https:\/\/www.fortedibard.it\/fr\/wp-json\/wp\/v2\/pages"}],"about":[{"href":"https:\/\/www.fortedibard.it\/fr\/wp-json\/wp\/v2\/types\/page"}],"author":[{"embeddable":true,"href":"https:\/\/www.fortedibard.it\/fr\/wp-json\/wp\/v2\/users\/1"}],"replies":[{"embeddable":true,"href":"https:\/\/www.fortedibard.it\/fr\/wp-json\/wp\/v2\/comments?post=5130"}],"version-history":[{"count":4,"href":"https:\/\/www.fortedibard.it\/fr\/wp-json\/wp\/v2\/pages\/5130\/revisions"}],"predecessor-version":[{"id":7137,"href":"https:\/\/www.fortedibard.it\/fr\/wp-json\/wp\/v2\/pages\/5130\/revisions\/7137"}],"up":[{"embeddable":true,"href":"https:\/\/www.fortedibard.it\/fr\/wp-json\/wp\/v2\/pages\/5139"}],"wp:attachment":[{"href":"https:\/\/www.fortedibard.it\/fr\/wp-json\/wp\/v2\/media?parent=5130"}],"curies":[{"name":"wp","href":"https:\/\/api.w.org\/{rel}","templated":true}]}}